{"id":3655,"date":"2025-10-30T16:36:56","date_gmt":"2025-10-30T16:36:56","guid":{"rendered":"https:\/\/spatzji.ch\/?page_id=3655"},"modified":"2025-10-31T14:24:35","modified_gmt":"2025-10-31T14:24:35","slug":"zwetschgenbraten","status":"publish","type":"page","link":"https:\/\/spatzji.ch\/?page_id=3655","title":{"rendered":"Zwetschgenbraten"},"content":{"rendered":"\n<figure class=\"wp-block-image size-full\"><img loading=\"lazy\" decoding=\"async\" width=\"2026\" height=\"2560\" src=\"https:\/\/spatzji.ch\/wp-content\/uploads\/2025\/10\/2025_VID_Zwetschgen_Braten-1-scaled.png\" alt=\"\" class=\"wp-image-3656\" srcset=\"https:\/\/spatzji.ch\/wp-content\/uploads\/2025\/10\/2025_VID_Zwetschgen_Braten-1-scaled.png 2026w, https:\/\/spatzji.ch\/wp-content\/uploads\/2025\/10\/2025_VID_Zwetschgen_Braten-1-237x300.png 237w, https:\/\/spatzji.ch\/wp-content\/uploads\/2025\/10\/2025_VID_Zwetschgen_Braten-1-810x1024.png 810w, https:\/\/spatzji.ch\/wp-content\/uploads\/2025\/10\/2025_VID_Zwetschgen_Braten-1-768x970.png 768w, https:\/\/spatzji.ch\/wp-content\/uploads\/2025\/10\/2025_VID_Zwetschgen_Braten-1-1216x1536.png 1216w, https:\/\/spatzji.ch\/wp-content\/uploads\/2025\/10\/2025_VID_Zwetschgen_Braten-1-1621x2048.png 1621w\" sizes=\"auto, (max-width: 2026px) 100vw, 2026px\" \/><\/figure>\n\n\n\n<h2 class=\"wp-block-heading\">Zutaten<\/h2>\n\n\n\n<ul class=\"wp-block-list has-black-color has-text-color has-link-color wp-elements-ac464754f32ca989dc1b4e3d0459cbec\">\n<li>Schweinsbraten oder Schweinsfilet<\/li>\n\n\n\n<li>Eingelegte Zwetschgen (\u2026.in alter Zw\u00e4tschga!!-&gt;<a href=\"https:\/\/spatzji.ch\/?page_id=3634\" data-type=\"page\" data-id=\"3634\"> Link<\/a>)<\/li>\n\n\n\n<li>W\u00fcrzmischung: Butter, Oel, Salz, Pfeffer, Fleischgew\u00fcrz, Ingwer, Honig, <a href=\"https:\/\/spatzji.ch\/?page_id=1219\" data-type=\"page\" data-id=\"1219\">Millas Granate<\/a>, usw\u2026\u2026Alles was zum Schwein passt (vor allem Ingwer)<\/li>\n<\/ul>\n\n\n\n<h2 class=\"wp-block-heading\">Zubereitung<\/h2>\n\n\n\n<ul class=\"wp-block-list has-black-color has-text-color has-link-color wp-elements-62fd17af92bb43d725e0ef15fc4a2d97\">\n<li>Braten mit gen\u00fcgend Zwetschgen f\u00fcllen -&gt; siehe Bilder<\/li>\n\n\n\n<li>Je nach Gr\u00f6sse 3 L\u00f6cher &#8222;boren&#8220; und mit geviertelten Zwetschgen f\u00fcllen.<\/li>\n\n\n\n<li>Braten w\u00fcrzen: Braten &#8222;martretieren&#8220;. damit die Marinade besser aufgenommen wird. -&gt; siehe Video<\/li>\n\n\n\n<li>Programm: Schweinsschulter Zartgaren mit Grill\u2026.. 4h!<\/li>\n\n\n\n<li>Normale Bratensauce mit Zwiebelschwitze ansetzen. Den Brat Saft mit einigen Zwetschen und &#8222;alter Zetschga&#8220; verfeinern.<\/li>\n<\/ul>\n\n\n\n<p class=\"has-black-color has-text-color has-link-color wp-elements-9ac00cf961d1ea846fe5a532228b76c6\"><\/p>\n\n\n\n<h2 class=\"wp-block-heading\">Tipps und Tricks<\/h2>\n\n\n\n<ul class=\"wp-block-list has-black-color has-text-color has-link-color wp-elements-e9f386b78801c8e61cfaa1a229725c2a\">\n<li>Am Schluss (1\/4h) den Ofen bei 180\u00b0C auf Umluft stellen\u2026..der Braten wird noch knuspriger!<\/li>\n<\/ul>\n\n\n\n<h2 class=\"wp-block-heading\">Fazit<\/h2>\n\n\n\n<p class=\"has-black-color has-text-color has-link-color wp-elements-37fc394f3e6b4479da4749940f9e303c\">1<\/p>\n\n\n\n<h2 class=\"wp-block-heading\">Originalrezept<\/h2>\n\n\n\n<p class=\"has-black-color has-text-color has-link-color wp-elements-40b113f25ce3c6de83b47dc11b3b74e1\">Hier geht es zum Originalrezept. Link<\/p>\n\n\n\n<h2 class=\"wp-block-heading\">Variante<\/h2>\n\n\n\n<p class=\"has-black-color has-text-color has-link-color wp-elements-feeaa6b753f52459a9d8fdd5048522f7\">Sehen Sie eine weitere Variante zu diesem Rezept. Link<\/p>\n\n\n\n<p class=\"has-black-color has-text-color has-link-color wp-elements-bc7b74dc493bcc6888435b0301b12219\">pdf ex alte Home Page. <a href=\"https:\/\/spatzji.ch\/wp-content\/uploads\/2025\/10\/2025_Zwetschgen_Braten-1.pdf\" data-type=\"attachment\" data-id=\"3658\">link<\/a><\/p>\n\n\n\n<h2 class=\"wp-block-heading\">Rezept Videos<\/h2>\n\n\n\n<p class=\"has-black-color has-text-color has-link-color wp-elements-000fbd290ba8818ae59d6f316b1f081a\">Hier geht es&nbsp;zum Rezept Video. <\/p>\n\n\n\n<ul class=\"wp-block-list has-black-color has-text-color has-link-color wp-elements-9c643064ea825ba06fc8f96eaee699ee\">\n<li><a href=\"https:\/\/spatzji.ch\/wp-content\/uploads\/2025\/10\/2025_VID_Zwet_Braten03n.mp4\" data-type=\"attachment\" data-id=\"3679\">Video_Link1<\/a>-> F\u00fcllen<\/li>\n\n\n\n<li><a href=\"http:\/\/2025_VID_Zwet_Braten02n\">Video_Link2<\/a> -> Martretieren<\/li>\n\n\n\n<li><a href=\"https:\/\/spatzji.ch\/wp-content\/uploads\/2025\/10\/2025_VID_Zwetschgen_Braten-1.mp4\" data-type=\"attachment\" data-id=\"3668\">Video_Link3<\/a> -> Grillieren<\/li>\n<\/ul>\n\n\n\n<h2 class=\"wp-block-heading\">Rezept Fotos<\/h2>\n\n\n\n<figure class=\"wp-block-gallery has-nested-images columns-1 is-cropped wp-block-gallery-1 is-layout-flex wp-block-gallery-is-layout-flex\">\n<figure class=\"wp-block-image size-large\"><a href=\"https:\/\/spatzji.ch\/wp-content\/uploads\/2025\/10\/2025_Zwetschgen_Braten-6-scaled.jpg\"><img loading=\"lazy\" decoding=\"async\" width=\"768\" height=\"1024\" data-id=\"3660\" src=\"https:\/\/spatzji.ch\/wp-content\/uploads\/2025\/10\/2025_Zwetschgen_Braten-6-768x1024.jpg\" alt=\"\" class=\"wp-image-3660\" srcset=\"https:\/\/spatzji.ch\/wp-content\/uploads\/2025\/10\/2025_Zwetschgen_Braten-6-768x1024.jpg 768w, https:\/\/spatzji.ch\/wp-content\/uploads\/2025\/10\/2025_Zwetschgen_Braten-6-225x300.jpg 225w, https:\/\/spatzji.ch\/wp-content\/uploads\/2025\/10\/2025_Zwetschgen_Braten-6-1152x1536.jpg 1152w, https:\/\/spatzji.ch\/wp-content\/uploads\/2025\/10\/2025_Zwetschgen_Braten-6-1536x2048.jpg 1536w, https:\/\/spatzji.ch\/wp-content\/uploads\/2025\/10\/2025_Zwetschgen_Braten-6-scaled.jpg 1920w\" sizes=\"auto, (max-width: 768px) 100vw, 768px\" \/><\/a><\/figure>\n\n\n\n<figure class=\"wp-block-image size-large\"><img loading=\"lazy\" decoding=\"async\" width=\"768\" height=\"1024\" data-id=\"3664\" src=\"https:\/\/spatzji.ch\/wp-content\/uploads\/2025\/10\/2025_Zwetschgen_Braten-7-768x1024.jpg\" alt=\"\" class=\"wp-image-3664\" srcset=\"https:\/\/spatzji.ch\/wp-content\/uploads\/2025\/10\/2025_Zwetschgen_Braten-7-768x1024.jpg 768w, https:\/\/spatzji.ch\/wp-content\/uploads\/2025\/10\/2025_Zwetschgen_Braten-7-225x300.jpg 225w, https:\/\/spatzji.ch\/wp-content\/uploads\/2025\/10\/2025_Zwetschgen_Braten-7-1152x1536.jpg 1152w, https:\/\/spatzji.ch\/wp-content\/uploads\/2025\/10\/2025_Zwetschgen_Braten-7-1536x2048.jpg 1536w, https:\/\/spatzji.ch\/wp-content\/uploads\/2025\/10\/2025_Zwetschgen_Braten-7-scaled.jpg 1920w\" sizes=\"auto, (max-width: 768px) 100vw, 768px\" \/><\/figure>\n\n\n\n<figure class=\"wp-block-image size-large\"><a href=\"https:\/\/spatzji.ch\/wp-content\/uploads\/2025\/10\/2025_Zwetschgen_Braten-5-scaled.jpg\"><img loading=\"lazy\" decoding=\"async\" width=\"1024\" height=\"768\" data-id=\"3661\" src=\"https:\/\/spatzji.ch\/wp-content\/uploads\/2025\/10\/2025_Zwetschgen_Braten-5-1024x768.jpg\" alt=\"\" class=\"wp-image-3661\" srcset=\"https:\/\/spatzji.ch\/wp-content\/uploads\/2025\/10\/2025_Zwetschgen_Braten-5-1024x768.jpg 1024w, https:\/\/spatzji.ch\/wp-content\/uploads\/2025\/10\/2025_Zwetschgen_Braten-5-300x225.jpg 300w, https:\/\/spatzji.ch\/wp-content\/uploads\/2025\/10\/2025_Zwetschgen_Braten-5-768x576.jpg 768w, https:\/\/spatzji.ch\/wp-content\/uploads\/2025\/10\/2025_Zwetschgen_Braten-5-1536x1152.jpg 1536w, https:\/\/spatzji.ch\/wp-content\/uploads\/2025\/10\/2025_Zwetschgen_Braten-5-2048x1536.jpg 2048w\" sizes=\"auto, (max-width: 1024px) 100vw, 1024px\" \/><\/a><\/figure>\n\n\n\n<figure class=\"wp-block-image size-large\"><a href=\"https:\/\/spatzji.ch\/wp-content\/uploads\/2025\/10\/2025_Zwetschgen_Braten-4-scaled.jpg\"><img loading=\"lazy\" decoding=\"async\" width=\"1024\" height=\"768\" data-id=\"3662\" src=\"https:\/\/spatzji.ch\/wp-content\/uploads\/2025\/10\/2025_Zwetschgen_Braten-4-1024x768.jpg\" alt=\"\" class=\"wp-image-3662\" srcset=\"https:\/\/spatzji.ch\/wp-content\/uploads\/2025\/10\/2025_Zwetschgen_Braten-4-1024x768.jpg 1024w, https:\/\/spatzji.ch\/wp-content\/uploads\/2025\/10\/2025_Zwetschgen_Braten-4-300x225.jpg 300w, https:\/\/spatzji.ch\/wp-content\/uploads\/2025\/10\/2025_Zwetschgen_Braten-4-768x576.jpg 768w, https:\/\/spatzji.ch\/wp-content\/uploads\/2025\/10\/2025_Zwetschgen_Braten-4-1536x1152.jpg 1536w, https:\/\/spatzji.ch\/wp-content\/uploads\/2025\/10\/2025_Zwetschgen_Braten-4-2048x1536.jpg 2048w\" sizes=\"auto, (max-width: 1024px) 100vw, 1024px\" \/><\/a><\/figure>\n<\/figure>\n\n\n\n<p class=\"has-text-align-right\"><a href=\"javascript:history.back()\">Zur\u00fcck<\/a><\/p>\n","protected":false},"excerpt":{"rendered":"<p>Zutaten Zubereitung Tipps und Tricks Fazit 1 Originalrezept Hier geht es zum Originalrezept. Link Variante Sehen Sie eine weitere Variante zu diesem Rezept. Link pdf ex alte Home Page. link Rezept Videos Hier geht es&nbsp;zum Rezept Video. Rezept Fotos Zur\u00fcck<\/p>\n","protected":false},"author":1,"featured_media":3656,"parent":0,"menu_order":0,"comment_status":"closed","ping_status":"closed","template":"","meta":{"ngg_post_thumbnail":0,"footnotes":""},"class_list":["post-3655","page","type-page","status-publish","has-post-thumbnail","hentry"],"_links":{"self":[{"href":"https:\/\/spatzji.ch\/index.php?rest_route=\/wp\/v2\/pages\/3655","targetHints":{"allow":["GET"]}}],"collection":[{"href":"https:\/\/spatzji.ch\/index.php?rest_route=\/wp\/v2\/pages"}],"about":[{"href":"https:\/\/spatzji.ch\/index.php?rest_route=\/wp\/v2\/types\/page"}],"author":[{"embeddable":true,"href":"https:\/\/spatzji.ch\/index.php?rest_route=\/wp\/v2\/users\/1"}],"replies":[{"embeddable":true,"href":"https:\/\/spatzji.ch\/index.php?rest_route=%2Fwp%2Fv2%2Fcomments&post=3655"}],"version-history":[{"count":11,"href":"https:\/\/spatzji.ch\/index.php?rest_route=\/wp\/v2\/pages\/3655\/revisions"}],"predecessor-version":[{"id":3683,"href":"https:\/\/spatzji.ch\/index.php?rest_route=\/wp\/v2\/pages\/3655\/revisions\/3683"}],"wp:featuredmedia":[{"embeddable":true,"href":"https:\/\/spatzji.ch\/index.php?rest_route=\/wp\/v2\/media\/3656"}],"wp:attachment":[{"href":"https:\/\/spatzji.ch\/index.php?rest_route=%2Fwp%2Fv2%2Fmedia&parent=3655"}],"curies":[{"name":"wp","href":"https:\/\/api.w.org\/{rel}","templated":true}]}}