{"id":3568,"date":"2025-10-17T16:17:45","date_gmt":"2025-10-17T16:17:45","guid":{"rendered":"https:\/\/spatzji.ch\/?page_id=3568"},"modified":"2025-10-17T16:30:15","modified_gmt":"2025-10-17T16:30:15","slug":"tomatenspaghetti","status":"publish","type":"page","link":"https:\/\/spatzji.ch\/?page_id=3568","title":{"rendered":"Tomatenspaghetti"},"content":{"rendered":"\n<figure class=\"wp-block-image size-full\"><img loading=\"lazy\" decoding=\"async\" width=\"2300\" height=\"2093\" src=\"https:\/\/spatzji.ch\/wp-content\/uploads\/2025\/10\/Tomatenspaghetti2025.png\" alt=\"\" class=\"wp-image-3569\" srcset=\"https:\/\/spatzji.ch\/wp-content\/uploads\/2025\/10\/Tomatenspaghetti2025.png 2300w, https:\/\/spatzji.ch\/wp-content\/uploads\/2025\/10\/Tomatenspaghetti2025-300x273.png 300w, https:\/\/spatzji.ch\/wp-content\/uploads\/2025\/10\/Tomatenspaghetti2025-1024x932.png 1024w, https:\/\/spatzji.ch\/wp-content\/uploads\/2025\/10\/Tomatenspaghetti2025-768x699.png 768w, https:\/\/spatzji.ch\/wp-content\/uploads\/2025\/10\/Tomatenspaghetti2025-1536x1398.png 1536w, https:\/\/spatzji.ch\/wp-content\/uploads\/2025\/10\/Tomatenspaghetti2025-2048x1864.png 2048w\" sizes=\"auto, (max-width: 2300px) 100vw, 2300px\" \/><\/figure>\n\n\n\n<h2 class=\"wp-block-heading\">Zutaten<\/h2>\n\n\n\n<ul class=\"wp-block-list has-black-color has-text-color has-link-color wp-elements-8286ec5c53f75c51899893a347ebf690\">\n<li>Zwiebel<\/li>\n\n\n\n<li>Tomaten pure<\/li>\n\n\n\n<li>Gek\u00f6rnte Br\u00fche<\/li>\n\n\n\n<li class=\"has-black-color has-text-color has-link-color wp-elements-7ab1e10e1ca032348df9afaf84500de5\">Spaghetti 2mm<\/li>\n<\/ul>\n\n\n\n<h2 class=\"wp-block-heading\">Zubereitung<\/h2>\n\n\n\n<ul class=\"wp-block-list has-black-color has-text-color has-link-color wp-elements-6136968f76ef0761a4d8c553bba8078d\">\n<li>1 Zwiebel hacken und anschwitzen<\/li>\n\n\n\n<li>Tomaten pure (Tube gross) dazugeben<\/li>\n\n\n\n<li>Mit Salz und Pfeffer w\u00fcrzen<\/li>\n\n\n\n<li>Alles anbraten und mit Wasser abl\u00f6schen<\/li>\n\n\n\n<li>W\u00fcrfel gek\u00f6rnte Br\u00fche hinzugeben<\/li>\n\n\n\n<li>1 1\/2 h leicht sieden<\/li>\n\n\n\n<li>Spaghetti zugeben und servieren.<\/li>\n<\/ul>\n\n\n\n<h2 class=\"wp-block-heading\">Tipps und Tricks<\/h2>\n\n\n\n<ul class=\"wp-block-list has-black-color has-text-color has-link-color wp-elements-cc096066883cc17ffc61031a412ed1d7\">\n<li>Spaghetti 2mm ist ein MUSS!!<\/li>\n\n\n\n<li>1\/2h vor dem Ende noch ein W\u00fcrfel gek\u00f6rnte Br\u00fche zugeben<\/li>\n\n\n\n<li>Nach Wunsch geriebenen K\u00e4se dazu servieren!<\/li>\n\n\n\n<li>Der Rest Sauce kann in verschiedenen Menus weiter verwendet werden. zB. <a href=\"https:\/\/spatzji.ch\/?page_id=3482\" data-type=\"page\" data-id=\"3482\">Hirschhaxen o Porto<\/a><\/li>\n<\/ul>\n\n\n\n<h2 class=\"wp-block-heading\">Fazit<\/h2>\n\n\n\n<ul class=\"wp-block-list has-black-color has-text-color has-link-color wp-elements-15b60e0860086bcc44345b0532ba0817\">\n<li>Etwas vom Besten vor Mutters K\u00fcche<\/li>\n<\/ul>\n\n\n\n<h2 class=\"wp-block-heading\">Originalrezept<\/h2>\n\n\n\n<p class=\"has-black-color has-text-color has-link-color wp-elements-40b113f25ce3c6de83b47dc11b3b74e1\">Hier geht es zum Originalrezept. Link<\/p>\n\n\n\n<h2 class=\"wp-block-heading\">Variante<\/h2>\n\n\n\n<p class=\"has-black-color has-text-color has-link-color wp-elements-feeaa6b753f52459a9d8fdd5048522f7\">Sehen Sie eine weitere Variante zu diesem Rezept. Link<\/p>\n\n\n\n<p class=\"has-black-color has-text-color has-link-color wp-elements-31301de55d348c9ff4b8a7700e4ab8dd\">pdf ex alte Home Page. link<\/p>\n\n\n\n<h2 class=\"wp-block-heading\">Rezept Videos<\/h2>\n\n\n\n<p class=\"has-black-color has-text-color has-link-color wp-elements-4b2fc126f15f6db5763ea613e8478f30\">Hier geht es&nbsp;zum Rezept Video. Link<\/p>\n\n\n\n<h2 class=\"wp-block-heading\">Rezept Fotos<\/h2>\n\n\n\n<figure class=\"wp-block-gallery has-nested-images columns-1 is-cropped wp-block-gallery-1 is-layout-flex wp-block-gallery-is-layout-flex\">\n<figure class=\"wp-block-image size-large\"><img loading=\"lazy\" decoding=\"async\" width=\"1024\" height=\"768\" data-id=\"3579\" src=\"https:\/\/spatzji.ch\/wp-content\/uploads\/2025\/10\/Tomatspaghetti-1.jpg\" alt=\"\" class=\"wp-image-3579\" srcset=\"https:\/\/spatzji.ch\/wp-content\/uploads\/2025\/10\/Tomatspaghetti-1.jpg 1024w, https:\/\/spatzji.ch\/wp-content\/uploads\/2025\/10\/Tomatspaghetti-1-300x225.jpg 300w, https:\/\/spatzji.ch\/wp-content\/uploads\/2025\/10\/Tomatspaghetti-1-768x576.jpg 768w\" sizes=\"auto, (max-width: 1024px) 100vw, 1024px\" \/><\/figure>\n\n\n\n<figure class=\"wp-block-image size-full\"><a href=\"https:\/\/spatzji.ch\/wp-content\/uploads\/2025\/10\/Tomatspaghetti05.jpg\"><img loading=\"lazy\" decoding=\"async\" width=\"1024\" height=\"768\" data-id=\"3574\" src=\"https:\/\/spatzji.ch\/wp-content\/uploads\/2025\/10\/Tomatspaghetti05.jpg\" alt=\"\" class=\"wp-image-3574\" srcset=\"https:\/\/spatzji.ch\/wp-content\/uploads\/2025\/10\/Tomatspaghetti05.jpg 1024w, https:\/\/spatzji.ch\/wp-content\/uploads\/2025\/10\/Tomatspaghetti05-300x225.jpg 300w, https:\/\/spatzji.ch\/wp-content\/uploads\/2025\/10\/Tomatspaghetti05-768x576.jpg 768w\" sizes=\"auto, (max-width: 1024px) 100vw, 1024px\" \/><\/a><\/figure>\n<\/figure>\n\n\n\n<p class=\"has-text-align-right\"><a href=\"javascript:history.back()\">Zur\u00fcck<\/a><\/p>\n","protected":false},"excerpt":{"rendered":"<p>Zutaten Zubereitung Tipps und Tricks Fazit Originalrezept Hier geht es zum Originalrezept. Link Variante Sehen Sie eine weitere Variante zu diesem Rezept. Link pdf ex alte Home Page. link Rezept Videos Hier geht es&nbsp;zum Rezept Video. Link Rezept Fotos Zur\u00fcck<\/p>\n","protected":false},"author":1,"featured_media":3569,"parent":0,"menu_order":0,"comment_status":"closed","ping_status":"closed","template":"","meta":{"ngg_post_thumbnail":0,"footnotes":""},"class_list":["post-3568","page","type-page","status-publish","has-post-thumbnail","hentry"],"_links":{"self":[{"href":"https:\/\/spatzji.ch\/index.php?rest_route=\/wp\/v2\/pages\/3568","targetHints":{"allow":["GET"]}}],"collection":[{"href":"https:\/\/spatzji.ch\/index.php?rest_route=\/wp\/v2\/pages"}],"about":[{"href":"https:\/\/spatzji.ch\/index.php?rest_route=\/wp\/v2\/types\/page"}],"author":[{"embeddable":true,"href":"https:\/\/spatzji.ch\/index.php?rest_route=\/wp\/v2\/users\/1"}],"replies":[{"embeddable":true,"href":"https:\/\/spatzji.ch\/index.php?rest_route=%2Fwp%2Fv2%2Fcomments&post=3568"}],"version-history":[{"count":5,"href":"https:\/\/spatzji.ch\/index.php?rest_route=\/wp\/v2\/pages\/3568\/revisions"}],"predecessor-version":[{"id":3580,"href":"https:\/\/spatzji.ch\/index.php?rest_route=\/wp\/v2\/pages\/3568\/revisions\/3580"}],"wp:featuredmedia":[{"embeddable":true,"href":"https:\/\/spatzji.ch\/index.php?rest_route=\/wp\/v2\/media\/3569"}],"wp:attachment":[{"href":"https:\/\/spatzji.ch\/index.php?rest_route=%2Fwp%2Fv2%2Fmedia&parent=3568"}],"curies":[{"name":"wp","href":"https:\/\/api.w.org\/{rel}","templated":true}]}}