{"id":3482,"date":"2025-09-27T15:04:54","date_gmt":"2025-09-27T15:04:54","guid":{"rendered":"https:\/\/spatzji.ch\/?page_id=3482"},"modified":"2025-10-17T16:25:29","modified_gmt":"2025-10-17T16:25:29","slug":"hirschhaxen","status":"publish","type":"page","link":"https:\/\/spatzji.ch\/?page_id=3482","title":{"rendered":"Hirschhaxen o Porto"},"content":{"rendered":"\n<figure class=\"wp-block-image size-full\"><img loading=\"lazy\" decoding=\"async\" width=\"2560\" height=\"1928\" src=\"https:\/\/spatzji.ch\/wp-content\/uploads\/2025\/09\/Hirschhaxen-1-scaled.png\" alt=\"\" class=\"wp-image-3483\" srcset=\"https:\/\/spatzji.ch\/wp-content\/uploads\/2025\/09\/Hirschhaxen-1-scaled.png 2560w, https:\/\/spatzji.ch\/wp-content\/uploads\/2025\/09\/Hirschhaxen-1-300x226.png 300w, https:\/\/spatzji.ch\/wp-content\/uploads\/2025\/09\/Hirschhaxen-1-1024x771.png 1024w, https:\/\/spatzji.ch\/wp-content\/uploads\/2025\/09\/Hirschhaxen-1-768x578.png 768w, https:\/\/spatzji.ch\/wp-content\/uploads\/2025\/09\/Hirschhaxen-1-1536x1157.png 1536w, https:\/\/spatzji.ch\/wp-content\/uploads\/2025\/09\/Hirschhaxen-1-2048x1542.png 2048w\" sizes=\"auto, (max-width: 2560px) 100vw, 2560px\" \/><\/figure>\n\n\n\n<h2 class=\"wp-block-heading\">Zutaten<\/h2>\n\n\n\n<ul class=\"wp-block-list\">\n<li class=\"has-heading-color has-text-color has-link-color wp-elements-b3eaba0dffc5b3c6a7460db2926731d3\">Hirschhaxen (2 f\u00fcr 3 Personen)<\/li>\n\n\n\n<li class=\"has-black-color has-text-color has-link-color wp-elements-2391170b769eeaff8cbd7a99b9465908\">Wurzelgem\u00fcse (Zwiebel, Lauch, Karotte, Sellerie)<\/li>\n\n\n\n<li class=\"has-black-color has-text-color has-link-color wp-elements-a291929f8883143e2d31c73bab4fcf70\">Tomaten pure<\/li>\n\n\n\n<li class=\"has-black-color has-text-color has-link-color wp-elements-f2bab8cb78e2aac727b7c4721c1450e9\">Speckscheiben<\/li>\n\n\n\n<li class=\"has-black-color has-text-color has-link-color wp-elements-366004c7b379ce4285cea748f4aeb394\">Trauben<\/li>\n\n\n\n<li class=\"has-black-color has-text-color has-link-color wp-elements-dcd74b171af1770b480ab67029ad61f9\">Marinade: Rosemarin, Thymian, Knoblauch, \u00d6l<\/li>\n\n\n\n<li class=\"has-black-color has-text-color has-link-color wp-elements-e139ec54e6672311bf8a6fa13c7d6e89\">Porto<\/li>\n\n\n\n<li class=\"has-black-color has-text-color has-link-color wp-elements-6e924181e8496f3afa271b873dd883ba\">Gek\u00f6rnte Br\u00fche<\/li>\n<\/ul>\n\n\n\n<h2 class=\"wp-block-heading\">Zubereitung<\/h2>\n\n\n\n<ul class=\"wp-block-list has-black-color has-text-color has-link-color wp-elements-6eb3e8a7612c757fc38ae6f6524d98aa\">\n<li>Hirschhaxen 2 Tage vorher in die Marinade legen<\/li>\n\n\n\n<li>Speckscheiben kr\u00e4ftig anbraten und zur Seite stellen<\/li>\n\n\n\n<li>Haxen Kr\u00e4ftig anbraten, Wurzelgem\u00fcse mit anbraten<\/li>\n\n\n\n<li>Tomaten pure am Pfannenboden anbraten und alles mit Mehl best\u00e4uben<\/li>\n\n\n\n<li>Mit viel Porto abl\u00f6schen. Mit Wasser auff\u00fcllen und gek\u00f6rnte Br\u00fche zugeben.<\/li>\n\n\n\n<li>21\/2 -3 h leicht k\u00f6cheln<\/li>\n\n\n\n<li>Am Schluss Speckscheiben und Trauben zugeben<\/li>\n<\/ul>\n\n\n\n<h2 class=\"wp-block-heading\">Tipps und Tricks<\/h2>\n\n\n\n<ul class=\"wp-block-list has-black-color has-text-color has-link-color wp-elements-dad0e308cf2240035aee1f9bd9dca2ae\">\n<li>Gegen Ende (30 min. vorher) den Deckel entfernen, damit die Sauce eindickt<\/li>\n\n\n\n<li>Statt Tomaten Pure die Sauce vom Vortag nehmen. (<a href=\"https:\/\/spatzji.ch\/?page_id=3568\" data-type=\"page\" data-id=\"3568\">Tomaten Spaghetti<\/a>)<\/li>\n<\/ul>\n\n\n\n<h2 class=\"wp-block-heading\">Fazit<\/h2>\n\n\n\n<ul class=\"wp-block-list has-black-color has-text-color has-link-color wp-elements-e8c87d967c835e6e6684f09af4e23dd3\">\n<li>Super Schmorgericht, aber nicht wirklich Wildgeschmack<\/li>\n\n\n\n<li>Mit Sp\u00e4tzli servieren<\/li>\n<\/ul>\n\n\n\n<h2 class=\"wp-block-heading\">Originalrezept<\/h2>\n\n\n\n<p class=\"has-black-color has-text-color has-link-color wp-elements-40b113f25ce3c6de83b47dc11b3b74e1\">Hier geht es zum Originalrezept. Link<\/p>\n\n\n\n<h2 class=\"wp-block-heading\">Variante<\/h2>\n\n\n\n<p class=\"has-black-color has-text-color has-link-color wp-elements-feeaa6b753f52459a9d8fdd5048522f7\">Sehen Sie eine weitere Variante zu diesem Rezept. Link<\/p>\n\n\n\n<p class=\"has-black-color has-text-color has-link-color wp-elements-31301de55d348c9ff4b8a7700e4ab8dd\">pdf ex alte Home Page. link<\/p>\n\n\n\n<h2 class=\"wp-block-heading\">Rezept Videos<\/h2>\n\n\n\n<p class=\"has-black-color has-text-color has-link-color wp-elements-4b2fc126f15f6db5763ea613e8478f30\">Hier geht es&nbsp;zum Rezept Video. Link<\/p>\n\n\n\n<h2 class=\"wp-block-heading\">Rezept Fotos<\/h2>\n\n\n\n<figure class=\"wp-block-gallery has-nested-images columns-1 is-cropped wp-block-gallery-1 is-layout-flex wp-block-gallery-is-layout-flex\">\n<figure class=\"wp-block-image size-large\"><a href=\"https:\/\/spatzji.ch\/wp-content\/uploads\/2025\/09\/Hirschhaxen-1-scaled.jpg\"><img loading=\"lazy\" decoding=\"async\" width=\"768\" height=\"1024\" data-id=\"3489\" src=\"https:\/\/spatzji.ch\/wp-content\/uploads\/2025\/09\/Hirschhaxen-1-768x1024.jpg\" alt=\"\" class=\"wp-image-3489\" srcset=\"https:\/\/spatzji.ch\/wp-content\/uploads\/2025\/09\/Hirschhaxen-1-768x1024.jpg 768w, https:\/\/spatzji.ch\/wp-content\/uploads\/2025\/09\/Hirschhaxen-1-225x300.jpg 225w, https:\/\/spatzji.ch\/wp-content\/uploads\/2025\/09\/Hirschhaxen-1-1152x1536.jpg 1152w, https:\/\/spatzji.ch\/wp-content\/uploads\/2025\/09\/Hirschhaxen-1-1536x2048.jpg 1536w, https:\/\/spatzji.ch\/wp-content\/uploads\/2025\/09\/Hirschhaxen-1-scaled.jpg 1920w\" sizes=\"auto, (max-width: 768px) 100vw, 768px\" \/><\/a><\/figure>\n\n\n\n<figure class=\"wp-block-image size-large\"><a href=\"https:\/\/spatzji.ch\/wp-content\/uploads\/2025\/09\/Hirschhaxen-4-scaled.jpg\"><img loading=\"lazy\" decoding=\"async\" width=\"768\" height=\"1024\" data-id=\"3490\" src=\"https:\/\/spatzji.ch\/wp-content\/uploads\/2025\/09\/Hirschhaxen-4-768x1024.jpg\" alt=\"\" class=\"wp-image-3490\" srcset=\"https:\/\/spatzji.ch\/wp-content\/uploads\/2025\/09\/Hirschhaxen-4-768x1024.jpg 768w, https:\/\/spatzji.ch\/wp-content\/uploads\/2025\/09\/Hirschhaxen-4-225x300.jpg 225w, https:\/\/spatzji.ch\/wp-content\/uploads\/2025\/09\/Hirschhaxen-4-1152x1536.jpg 1152w, https:\/\/spatzji.ch\/wp-content\/uploads\/2025\/09\/Hirschhaxen-4-1536x2048.jpg 1536w, https:\/\/spatzji.ch\/wp-content\/uploads\/2025\/09\/Hirschhaxen-4-scaled.jpg 1920w\" sizes=\"auto, (max-width: 768px) 100vw, 768px\" \/><\/a><\/figure>\n\n\n\n<figure class=\"wp-block-image size-large\"><a href=\"https:\/\/spatzji.ch\/wp-content\/uploads\/2025\/09\/Hirschhaxen-3-scaled.jpg\"><img loading=\"lazy\" decoding=\"async\" width=\"1024\" height=\"768\" data-id=\"3492\" src=\"https:\/\/spatzji.ch\/wp-content\/uploads\/2025\/09\/Hirschhaxen-3-1024x768.jpg\" alt=\"\" class=\"wp-image-3492\" srcset=\"https:\/\/spatzji.ch\/wp-content\/uploads\/2025\/09\/Hirschhaxen-3-1024x768.jpg 1024w, https:\/\/spatzji.ch\/wp-content\/uploads\/2025\/09\/Hirschhaxen-3-300x225.jpg 300w, https:\/\/spatzji.ch\/wp-content\/uploads\/2025\/09\/Hirschhaxen-3-768x576.jpg 768w, https:\/\/spatzji.ch\/wp-content\/uploads\/2025\/09\/Hirschhaxen-3-1536x1152.jpg 1536w, https:\/\/spatzji.ch\/wp-content\/uploads\/2025\/09\/Hirschhaxen-3-2048x1536.jpg 2048w\" sizes=\"auto, (max-width: 1024px) 100vw, 1024px\" \/><\/a><\/figure>\n<\/figure>\n\n\n\n<p class=\"has-text-align-right\"><a href=\"javascript:history.back()\">Zur\u00fcck<\/a><\/p>\n","protected":false},"excerpt":{"rendered":"<p>Zutaten Zubereitung Tipps und Tricks Fazit Originalrezept Hier geht es zum Originalrezept. Link Variante Sehen Sie eine weitere Variante zu diesem Rezept. Link pdf ex alte Home Page. link Rezept Videos Hier geht es&nbsp;zum Rezept Video. Link Rezept Fotos Zur\u00fcck<\/p>\n","protected":false},"author":1,"featured_media":3483,"parent":0,"menu_order":0,"comment_status":"closed","ping_status":"closed","template":"","meta":{"ngg_post_thumbnail":0,"footnotes":""},"class_list":["post-3482","page","type-page","status-publish","has-post-thumbnail","hentry"],"_links":{"self":[{"href":"https:\/\/spatzji.ch\/index.php?rest_route=\/wp\/v2\/pages\/3482","targetHints":{"allow":["GET"]}}],"collection":[{"href":"https:\/\/spatzji.ch\/index.php?rest_route=\/wp\/v2\/pages"}],"about":[{"href":"https:\/\/spatzji.ch\/index.php?rest_route=\/wp\/v2\/types\/page"}],"author":[{"embeddable":true,"href":"https:\/\/spatzji.ch\/index.php?rest_route=\/wp\/v2\/users\/1"}],"replies":[{"embeddable":true,"href":"https:\/\/spatzji.ch\/index.php?rest_route=%2Fwp%2Fv2%2Fcomments&post=3482"}],"version-history":[{"count":5,"href":"https:\/\/spatzji.ch\/index.php?rest_route=\/wp\/v2\/pages\/3482\/revisions"}],"predecessor-version":[{"id":3577,"href":"https:\/\/spatzji.ch\/index.php?rest_route=\/wp\/v2\/pages\/3482\/revisions\/3577"}],"wp:featuredmedia":[{"embeddable":true,"href":"https:\/\/spatzji.ch\/index.php?rest_route=\/wp\/v2\/media\/3483"}],"wp:attachment":[{"href":"https:\/\/spatzji.ch\/index.php?rest_route=%2Fwp%2Fv2%2Fmedia&parent=3482"}],"curies":[{"name":"wp","href":"https:\/\/api.w.org\/{rel}","templated":true}]}}