{"id":3406,"date":"2025-07-16T19:58:12","date_gmt":"2025-07-16T19:58:12","guid":{"rendered":"https:\/\/spatzji.ch\/?page_id=3406"},"modified":"2025-07-16T20:12:01","modified_gmt":"2025-07-16T20:12:01","slug":"aprikosen-konfituere","status":"publish","type":"page","link":"https:\/\/spatzji.ch\/?page_id=3406","title":{"rendered":"Aprikosen Konfit\u00fcre"},"content":{"rendered":"\n<figure class=\"wp-block-image size-full\"><img loading=\"lazy\" decoding=\"async\" width=\"1592\" height=\"661\" src=\"https:\/\/spatzji.ch\/wp-content\/uploads\/2025\/07\/Konfituer-1.png\" alt=\"\" class=\"wp-image-3407\" srcset=\"https:\/\/spatzji.ch\/wp-content\/uploads\/2025\/07\/Konfituer-1.png 1592w, https:\/\/spatzji.ch\/wp-content\/uploads\/2025\/07\/Konfituer-1-300x125.png 300w, https:\/\/spatzji.ch\/wp-content\/uploads\/2025\/07\/Konfituer-1-1024x425.png 1024w, https:\/\/spatzji.ch\/wp-content\/uploads\/2025\/07\/Konfituer-1-768x319.png 768w, https:\/\/spatzji.ch\/wp-content\/uploads\/2025\/07\/Konfituer-1-1536x638.png 1536w\" sizes=\"auto, (max-width: 1592px) 100vw, 1592px\" \/><\/figure>\n\n\n\n<h2 class=\"wp-block-heading\">Zutaten<\/h2>\n\n\n\n<ul class=\"wp-block-list has-black-color has-text-color has-link-color wp-elements-129dd7ee0f2de2761d762f39eada9a40\">\n<li>Aprikosen 2.5 kg<\/li>\n\n\n\n<li>Zucker 1.5 kg<\/li>\n\n\n\n<li>Wasser<\/li>\n<\/ul>\n\n\n\n<h2 class=\"wp-block-heading\">Zubereitung<\/h2>\n\n\n\n<ul class=\"wp-block-list has-black-color has-text-color has-link-color wp-elements-1dbbea274ed37b0307deb25b813445a7\">\n<li>Aprikosen in kleine W\u00fcrfel schneiden. (siehe Bild). <\/li>\n\n\n\n<li>Eine Tasse Wasser hinzugeben und min. 1h aufkochen. (siehe Bild).<\/li>\n\n\n\n<li> Zucker hinzugeben, aufl\u00f6sen und nochmals kurz aufkochen. ACHTUNG SPRITZER !! Konfit\u00fcre Gl\u00e4ser aus dem warmen\/heissen Wasserbad nehmen, abtrocknen, auff\u00fcllen und verschliessen.<\/li>\n<\/ul>\n\n\n\n<h2 class=\"wp-block-heading\">Tipps und Tricks<\/h2>\n\n\n\n<ul class=\"wp-block-list has-black-color has-text-color has-link-color wp-elements-a1a1be42a33195e084f727716fafaa25\">\n<li>Manchmal heisst es, Aprikosen\/Zucker im Verh\u00e4ltniss 1:1 mischen. Aber das angegebene Verh\u00e4ltniss ist ausreichend&#8230;je nach Gusto&#8230;<\/li>\n<\/ul>\n\n\n\n<h2 class=\"wp-block-heading\">Fazit<\/h2>\n\n\n\n<ul class=\"wp-block-list has-black-color has-text-color has-link-color wp-elements-36569996079766effa0f3932af79bd48\">\n<li>Alle Jahre ein Muss&#8230;..geh\u00f6rt zur Tradition<\/li>\n<\/ul>\n\n\n\n<h2 class=\"wp-block-heading\">Originalrezept<\/h2>\n\n\n\n<p class=\"has-black-color has-text-color has-link-color wp-elements-40b113f25ce3c6de83b47dc11b3b74e1\">Hier geht es zum Originalrezept. Link<\/p>\n\n\n\n<h2 class=\"wp-block-heading\">Variante<\/h2>\n\n\n\n<p class=\"has-black-color has-text-color has-link-color wp-elements-feeaa6b753f52459a9d8fdd5048522f7\">Sehen Sie eine weitere Variante zu diesem Rezept. Link<\/p>\n\n\n\n<p class=\"has-black-color has-text-color has-link-color wp-elements-31301de55d348c9ff4b8a7700e4ab8dd\">pdf ex alte Home Page. link<\/p>\n\n\n\n<h2 class=\"wp-block-heading\">Rezept Videos<\/h2>\n\n\n\n<p class=\"has-black-color has-text-color has-link-color wp-elements-4b2fc126f15f6db5763ea613e8478f30\">Hier geht es&nbsp;zum Rezept Video. Link<\/p>\n\n\n\n<h2 class=\"wp-block-heading\">Rezept Fotos<\/h2>\n\n\n\n<figure class=\"wp-block-gallery has-nested-images columns-1 is-cropped wp-block-gallery-1 is-layout-flex wp-block-gallery-is-layout-flex\">\n<figure class=\"wp-block-image size-large\"><a href=\"https:\/\/spatzji.ch\/wp-content\/uploads\/2025\/07\/Konfituer-3.jpg\"><img loading=\"lazy\" decoding=\"async\" width=\"576\" height=\"1024\" data-id=\"3408\" src=\"https:\/\/spatzji.ch\/wp-content\/uploads\/2025\/07\/Konfituer-3-576x1024.jpg\" alt=\"\" class=\"wp-image-3408\" srcset=\"https:\/\/spatzji.ch\/wp-content\/uploads\/2025\/07\/Konfituer-3-576x1024.jpg 576w, https:\/\/spatzji.ch\/wp-content\/uploads\/2025\/07\/Konfituer-3-169x300.jpg 169w, https:\/\/spatzji.ch\/wp-content\/uploads\/2025\/07\/Konfituer-3-768x1365.jpg 768w, https:\/\/spatzji.ch\/wp-content\/uploads\/2025\/07\/Konfituer-3-864x1536.jpg 864w, https:\/\/spatzji.ch\/wp-content\/uploads\/2025\/07\/Konfituer-3.jpg 900w\" sizes=\"auto, (max-width: 576px) 100vw, 576px\" \/><\/a><\/figure>\n\n\n\n<figure class=\"wp-block-image size-large\"><a href=\"https:\/\/spatzji.ch\/wp-content\/uploads\/2025\/07\/Konfituer-2.jpg\"><img loading=\"lazy\" decoding=\"async\" width=\"576\" height=\"1024\" data-id=\"3410\" src=\"https:\/\/spatzji.ch\/wp-content\/uploads\/2025\/07\/Konfituer-2-576x1024.jpg\" alt=\"\" class=\"wp-image-3410\" srcset=\"https:\/\/spatzji.ch\/wp-content\/uploads\/2025\/07\/Konfituer-2-576x1024.jpg 576w, https:\/\/spatzji.ch\/wp-content\/uploads\/2025\/07\/Konfituer-2-169x300.jpg 169w, https:\/\/spatzji.ch\/wp-content\/uploads\/2025\/07\/Konfituer-2-768x1365.jpg 768w, https:\/\/spatzji.ch\/wp-content\/uploads\/2025\/07\/Konfituer-2-864x1536.jpg 864w, https:\/\/spatzji.ch\/wp-content\/uploads\/2025\/07\/Konfituer-2.jpg 900w\" sizes=\"auto, (max-width: 576px) 100vw, 576px\" \/><\/a><\/figure>\n<\/figure>\n\n\n\n<p class=\"has-text-align-right\"><a href=\"javascript:history.back()\">Zur\u00fcck<\/a><\/p>\n","protected":false},"excerpt":{"rendered":"<p>Zutaten Zubereitung Tipps und Tricks Fazit Originalrezept Hier geht es zum Originalrezept. Link Variante Sehen Sie eine weitere Variante zu diesem Rezept. Link pdf ex alte Home Page. link Rezept Videos Hier geht es&nbsp;zum Rezept Video. Link Rezept Fotos Zur\u00fcck<\/p>\n","protected":false},"author":1,"featured_media":3407,"parent":0,"menu_order":0,"comment_status":"closed","ping_status":"closed","template":"","meta":{"ngg_post_thumbnail":0,"footnotes":""},"class_list":["post-3406","page","type-page","status-publish","has-post-thumbnail","hentry"],"_links":{"self":[{"href":"https:\/\/spatzji.ch\/index.php?rest_route=\/wp\/v2\/pages\/3406","targetHints":{"allow":["GET"]}}],"collection":[{"href":"https:\/\/spatzji.ch\/index.php?rest_route=\/wp\/v2\/pages"}],"about":[{"href":"https:\/\/spatzji.ch\/index.php?rest_route=\/wp\/v2\/types\/page"}],"author":[{"embeddable":true,"href":"https:\/\/spatzji.ch\/index.php?rest_route=\/wp\/v2\/users\/1"}],"replies":[{"embeddable":true,"href":"https:\/\/spatzji.ch\/index.php?rest_route=%2Fwp%2Fv2%2Fcomments&post=3406"}],"version-history":[{"count":2,"href":"https:\/\/spatzji.ch\/index.php?rest_route=\/wp\/v2\/pages\/3406\/revisions"}],"predecessor-version":[{"id":3413,"href":"https:\/\/spatzji.ch\/index.php?rest_route=\/wp\/v2\/pages\/3406\/revisions\/3413"}],"wp:featuredmedia":[{"embeddable":true,"href":"https:\/\/spatzji.ch\/index.php?rest_route=\/wp\/v2\/media\/3407"}],"wp:attachment":[{"href":"https:\/\/spatzji.ch\/index.php?rest_route=%2Fwp%2Fv2%2Fmedia&parent=3406"}],"curies":[{"name":"wp","href":"https:\/\/api.w.org\/{rel}","templated":true}]}}