{"id":2803,"date":"2024-12-11T09:33:33","date_gmt":"2024-12-11T09:33:33","guid":{"rendered":"https:\/\/spatzji.ch\/?page_id=2803"},"modified":"2024-12-11T09:50:18","modified_gmt":"2024-12-11T09:50:18","slug":"schweinsfilet-sous-vide-alti-zwaetschga","status":"publish","type":"page","link":"https:\/\/spatzji.ch\/?page_id=2803","title":{"rendered":"Schweinsfilet sous vide (Alti Zw\u00e4tschga)"},"content":{"rendered":"\n<figure class=\"wp-block-image size-full\"><img loading=\"lazy\" decoding=\"async\" width=\"835\" height=\"621\" src=\"https:\/\/spatzji.ch\/wp-content\/uploads\/2024\/12\/Schwein_Filet_Zwetschge04.png\" alt=\"\" class=\"wp-image-2804\" srcset=\"https:\/\/spatzji.ch\/wp-content\/uploads\/2024\/12\/Schwein_Filet_Zwetschge04.png 835w, https:\/\/spatzji.ch\/wp-content\/uploads\/2024\/12\/Schwein_Filet_Zwetschge04-300x223.png 300w, https:\/\/spatzji.ch\/wp-content\/uploads\/2024\/12\/Schwein_Filet_Zwetschge04-768x571.png 768w\" sizes=\"auto, (max-width: 835px) 100vw, 835px\" \/><\/figure>\n\n\n\n<h2 class=\"wp-block-heading\">Zutaten<\/h2>\n\n\n\n<ul class=\"wp-block-list has-black-color has-text-color has-link-color wp-elements-b47c3eafcd073a69048bddad1afe8700\">\n<li>Schweinsfilet<\/li>\n\n\n\n<li>Eingelegte Zwetschgen (Vieux Prune)<\/li>\n<\/ul>\n\n\n\n<h2 class=\"wp-block-heading\">Zubereitung<\/h2>\n\n\n\n<ul class=\"wp-block-list has-black-color has-text-color has-link-color wp-elements-6df37528d62516f6561e5048e73ac6b7\">\n<li>Filet mit den Zwetschgen f\u00fcllen. Mit einem Holzl\u00f6ffel &#8222;vorlochen&#8220; und dann geviertelte<br>Zwetschgen einf\u00fcllen und stopfen (analog Schweinsbraten)<\/li>\n\n\n\n<li>Vakuummieren und 1h bei 59\u00b0C sous vide &#8222;baden&#8220;<\/li>\n\n\n\n<li>Fleisch aus der Folie nehmen und mit der Marinade bestreichen. (\u00d6l, Salz, Pfeffer, <a href=\"https:\/\/spatzji.ch\/?page_id=1219\" data-type=\"page\" data-id=\"1219\">Millas Granate<\/a>)<\/li>\n\n\n\n<li>Anschliessend bei sehr hoher Hitze kurz, kr\u00e4ftig von allen Seiten anbraten.<\/li>\n\n\n\n<li>Servieren mit einer Zwiebel Bratensauce, welche mit reichlich Zwetschgen angereichert wurde.<\/li>\n<\/ul>\n\n\n\n<h2 class=\"wp-block-heading\">Tipps und Tricks<\/h2>\n\n\n\n<ul class=\"wp-block-list has-black-color has-text-color has-link-color wp-elements-a2e4496d3155e1637b77bb10fc3adc5a\">\n<li>Der Trick ist das F\u00fcllen \ud83d\ude42<\/li>\n<\/ul>\n\n\n\n<h2 class=\"wp-block-heading\">Fazit<\/h2>\n\n\n\n<ul class=\"wp-block-list has-black-color has-text-color has-link-color wp-elements-f5508f23a614ed0e8af0765ecd16bc28\">\n<li>Genau das richtige f\u00fcr ein gehobenes Essen. (\u2026.Weihnachten, Ostern, Geburtstag etc..)<\/li>\n<\/ul>\n\n\n\n<h2 class=\"wp-block-heading\">Originalrezept<\/h2>\n\n\n\n<p class=\"has-black-color has-text-color has-link-color wp-elements-40b113f25ce3c6de83b47dc11b3b74e1\">Hier geht es zum Originalrezept. Link<\/p>\n\n\n\n<h2 class=\"wp-block-heading\">Variante<\/h2>\n\n\n\n<p class=\"has-black-color has-text-color has-link-color wp-elements-feeaa6b753f52459a9d8fdd5048522f7\">Sehen Sie eine weitere Variante zu diesem Rezept. Link<\/p>\n\n\n\n<p class=\"has-black-color has-text-color has-link-color wp-elements-2bb6aa644acb15eb72be4058ac51907b\">pdf ex alte Home Page. <a href=\"https:\/\/spatzji.ch\/wp-content\/uploads\/2024\/12\/Schwein_Schweins-Filet-alti-Twaeschga.pdf\" data-type=\"attachment\" data-id=\"2810\">link<\/a><\/p>\n\n\n\n<h2 class=\"wp-block-heading\">Rezept Videos<\/h2>\n\n\n\n<p class=\"has-black-color has-text-color has-link-color wp-elements-4b2fc126f15f6db5763ea613e8478f30\">Hier geht es&nbsp;zum Rezept Video. Link<\/p>\n\n\n\n<h2 class=\"wp-block-heading\">Rezept Fotos<\/h2>\n\n\n\n<figure class=\"wp-block-gallery has-nested-images columns-1 is-cropped wp-block-gallery-1 is-layout-flex wp-block-gallery-is-layout-flex\">\n<figure class=\"wp-block-image size-full\"><a href=\"https:\/\/spatzji.ch\/wp-content\/uploads\/2024\/12\/Schwein_Filet_Zwetschge03.jpg\"><img loading=\"lazy\" decoding=\"async\" width=\"576\" height=\"768\" data-id=\"2812\" src=\"https:\/\/spatzji.ch\/wp-content\/uploads\/2024\/12\/Schwein_Filet_Zwetschge03.jpg\" alt=\"\" class=\"wp-image-2812\" srcset=\"https:\/\/spatzji.ch\/wp-content\/uploads\/2024\/12\/Schwein_Filet_Zwetschge03.jpg 576w, https:\/\/spatzji.ch\/wp-content\/uploads\/2024\/12\/Schwein_Filet_Zwetschge03-225x300.jpg 225w\" sizes=\"auto, (max-width: 576px) 100vw, 576px\" \/><\/a><\/figure>\n\n\n\n<figure class=\"wp-block-image size-full\"><a href=\"https:\/\/spatzji.ch\/wp-content\/uploads\/2024\/12\/Schwein_Filet_Zwetschge02.jpg\"><img loading=\"lazy\" decoding=\"async\" width=\"576\" height=\"768\" data-id=\"2813\" src=\"https:\/\/spatzji.ch\/wp-content\/uploads\/2024\/12\/Schwein_Filet_Zwetschge02.jpg\" alt=\"\" class=\"wp-image-2813\" srcset=\"https:\/\/spatzji.ch\/wp-content\/uploads\/2024\/12\/Schwein_Filet_Zwetschge02.jpg 576w, https:\/\/spatzji.ch\/wp-content\/uploads\/2024\/12\/Schwein_Filet_Zwetschge02-225x300.jpg 225w\" sizes=\"auto, (max-width: 576px) 100vw, 576px\" \/><\/a><\/figure>\n<\/figure>\n\n\n\n<p class=\"has-text-align-right\"><a href=\"javascript:history.back()\">Zur\u00fcck<\/a><\/p>\n","protected":false},"excerpt":{"rendered":"<p>Zutaten Zubereitung Tipps und Tricks Fazit Originalrezept Hier geht es zum Originalrezept. Link Variante Sehen Sie eine weitere Variante zu diesem Rezept. Link pdf ex alte Home Page. link Rezept Videos Hier geht es&nbsp;zum Rezept Video. Link Rezept Fotos Zur\u00fcck<\/p>\n","protected":false},"author":1,"featured_media":0,"parent":0,"menu_order":0,"comment_status":"closed","ping_status":"closed","template":"","meta":{"ngg_post_thumbnail":0,"footnotes":""},"class_list":["post-2803","page","type-page","status-publish","hentry"],"_links":{"self":[{"href":"https:\/\/spatzji.ch\/index.php?rest_route=\/wp\/v2\/pages\/2803","targetHints":{"allow":["GET"]}}],"collection":[{"href":"https:\/\/spatzji.ch\/index.php?rest_route=\/wp\/v2\/pages"}],"about":[{"href":"https:\/\/spatzji.ch\/index.php?rest_route=\/wp\/v2\/types\/page"}],"author":[{"embeddable":true,"href":"https:\/\/spatzji.ch\/index.php?rest_route=\/wp\/v2\/users\/1"}],"replies":[{"embeddable":true,"href":"https:\/\/spatzji.ch\/index.php?rest_route=%2Fwp%2Fv2%2Fcomments&post=2803"}],"version-history":[{"count":4,"href":"https:\/\/spatzji.ch\/index.php?rest_route=\/wp\/v2\/pages\/2803\/revisions"}],"predecessor-version":[{"id":2814,"href":"https:\/\/spatzji.ch\/index.php?rest_route=\/wp\/v2\/pages\/2803\/revisions\/2814"}],"wp:attachment":[{"href":"https:\/\/spatzji.ch\/index.php?rest_route=%2Fwp%2Fv2%2Fmedia&parent=2803"}],"curies":[{"name":"wp","href":"https:\/\/api.w.org\/{rel}","templated":true}]}}