{"id":2703,"date":"2024-10-27T08:55:19","date_gmt":"2024-10-27T08:55:19","guid":{"rendered":"https:\/\/spatzji.ch\/?page_id=2703"},"modified":"2024-10-27T09:15:34","modified_gmt":"2024-10-27T09:15:34","slug":"gehacktes-mit-spaghetti","status":"publish","type":"page","link":"https:\/\/spatzji.ch\/?page_id=2703","title":{"rendered":"Gehacktes mit Spaghetti"},"content":{"rendered":"\n<figure class=\"wp-block-image size-full\"><img loading=\"lazy\" decoding=\"async\" width=\"2964\" height=\"2758\" src=\"https:\/\/spatzji.ch\/wp-content\/uploads\/2024\/10\/gehacktesxx.png\" alt=\"\" class=\"wp-image-2705\" srcset=\"https:\/\/spatzji.ch\/wp-content\/uploads\/2024\/10\/gehacktesxx.png 2964w, https:\/\/spatzji.ch\/wp-content\/uploads\/2024\/10\/gehacktesxx-300x279.png 300w, https:\/\/spatzji.ch\/wp-content\/uploads\/2024\/10\/gehacktesxx-1024x953.png 1024w, https:\/\/spatzji.ch\/wp-content\/uploads\/2024\/10\/gehacktesxx-768x715.png 768w, https:\/\/spatzji.ch\/wp-content\/uploads\/2024\/10\/gehacktesxx-1536x1429.png 1536w, https:\/\/spatzji.ch\/wp-content\/uploads\/2024\/10\/gehacktesxx-2048x1906.png 2048w\" sizes=\"auto, (max-width: 2964px) 100vw, 2964px\" \/><\/figure>\n\n\n\n<h2 class=\"wp-block-heading has-black-color has-text-color has-link-color wp-elements-5953ad9bf54f1159ef9d0d2735527fc1\">Zutaten<\/h2>\n\n\n\n<ul class=\"wp-block-list has-black-color has-text-color has-link-color wp-elements-9498c7cb4c5f4b3311a1f80be09c4d36\">\n<li>Zwiebeln<\/li>\n\n\n\n<li>Hackfleisch<\/li>\n\n\n\n<li>Spaghetti<\/li>\n\n\n\n<li>geriebener K\u00e4se<\/li>\n\n\n\n<li>gehackter Peterli<\/li>\n\n\n\n<li>Gew\u00fcrze: Salz, Pfeffer, Fleischgew\u00fcrz<\/li>\n\n\n\n<li>Mehl<\/li>\n\n\n\n<li>Essig<\/li>\n\n\n\n<li>Weisswein<\/li>\n\n\n\n<li>Gek\u00f6rnte Br\u00fche<\/li>\n\n\n\n<li>Tomaten<\/li>\n<\/ul>\n\n\n\n<h2 class=\"wp-block-heading has-black-color has-text-color has-link-color wp-elements-02f4a44981bf9ae634d78c71e9a7274f\">Zubereitung<\/h2>\n\n\n\n<ul class=\"wp-block-list has-black-color has-text-color has-link-color wp-elements-c2c29dfbffb31b753ae78573b0a225a3\">\n<li>Zwiebel glasig anschwitzen (vorg\u00e4ngig mit Fleischgew\u00fcrz bestreuen)<\/li>\n\n\n\n<li>Hackfleisch kr\u00e4ftig anbraten<\/li>\n\n\n\n<li>Mit Mehl best\u00e4uben und Mehl anbraten<\/li>\n\n\n\n<li>Mit Essig abl\u00f6schen. Umr\u00fchren, damit das gesamte Fleisch mit etwas Essig in Ber\u00fchrung kommt.<\/li>\n\n\n\n<li>Mit Weisswein abl\u00f6schen. Umr\u00fchren, damit das gesamte Fleisch mit etwas Wein in Ber\u00fchrung kommt.<\/li>\n\n\n\n<li>Wasser und gek\u00f6rnte Br\u00fche zugeben<br>min. 2 h bei kleiner Flamme k\u00f6cheln<\/li>\n\n\n\n<li>Geriebener K\u00e4se und Petersilie hinzugeben<\/li>\n\n\n\n<li>Fleischsauce mit den Spaghetti vermengen und servieren.<\/li>\n<\/ul>\n\n\n\n<h2 class=\"wp-block-heading\">Tipps und Tricks<\/h2>\n\n\n\n<ul class=\"wp-block-list has-black-color has-text-color has-link-color wp-elements-683f720d66c3e63ba3103c2f57dc4a63\">\n<li>Auf Wunsch Tomaten aush\u00f6hlen und mit dem Gehackten auff\u00fcllen. (Im Ofen bei 200 \u00b0C fertig garen.)<\/li>\n\n\n\n<li>500 g zus\u00e4tzlich mit kochen und am anderen Tag f\u00fcr einen <a href=\"https:\/\/spatzji.ch\/?page_id=2190\" data-type=\"page\" data-id=\"2190\">geschichteten Kohl Topf <\/a>verwenden.<\/li>\n<\/ul>\n\n\n\n<h2 class=\"wp-block-heading\">Fazit<\/h2>\n\n\n\n<ul class=\"wp-block-list has-black-color has-text-color has-link-color wp-elements-f14922780ad4f0aca1aace850fff6ecd\">\n<li>Wohl etwas vom Besten aus Mutters K\u00fcche.<\/li>\n<\/ul>\n\n\n\n<h2 class=\"wp-block-heading\">Originalrezept<\/h2>\n\n\n\n<p class=\"has-black-color has-text-color has-link-color wp-elements-40b113f25ce3c6de83b47dc11b3b74e1\">Hier geht es zum Originalrezept. Link<\/p>\n\n\n\n<h2 class=\"wp-block-heading\">Variante<\/h2>\n\n\n\n<p class=\"has-black-color has-text-color has-link-color wp-elements-feeaa6b753f52459a9d8fdd5048522f7\">Sehen Sie eine weitere Variante zu diesem Rezept. Link<\/p>\n\n\n\n<p class=\"has-black-color has-text-color has-link-color wp-elements-cecf422c81f584c3d6fb455c0c973eb8\">pdf ex alte Home Page. <a href=\"https:\/\/spatzji.ch\/wp-content\/uploads\/2024\/10\/Rind_Gehacktes-mit-Spaghetti.pdf\" data-type=\"attachment\" data-id=\"2720\">link<\/a><\/p>\n\n\n\n<h2 class=\"wp-block-heading\">Rezept Videos<\/h2>\n\n\n\n<p class=\"has-black-color has-text-color has-link-color wp-elements-4b2fc126f15f6db5763ea613e8478f30\">Hier geht es&nbsp;zum Rezept Video. Link<\/p>\n\n\n\n<h2 class=\"wp-block-heading\">Rezept Fotos<\/h2>\n\n\n\n<figure class=\"wp-block-gallery has-nested-images columns-1 is-cropped wp-block-gallery-1 is-layout-flex wp-block-gallery-is-layout-flex\">\n<figure class=\"wp-block-image size-full\"><a href=\"https:\/\/spatzji.ch\/wp-content\/uploads\/2024\/10\/gehacktess01-6.jpg\"><img loading=\"lazy\" decoding=\"async\" width=\"1024\" height=\"768\" data-id=\"2707\" src=\"https:\/\/spatzji.ch\/wp-content\/uploads\/2024\/10\/gehacktess01-6.jpg\" alt=\"\" class=\"wp-image-2707\" srcset=\"https:\/\/spatzji.ch\/wp-content\/uploads\/2024\/10\/gehacktess01-6.jpg 1024w, https:\/\/spatzji.ch\/wp-content\/uploads\/2024\/10\/gehacktess01-6-300x225.jpg 300w, https:\/\/spatzji.ch\/wp-content\/uploads\/2024\/10\/gehacktess01-6-768x576.jpg 768w\" sizes=\"auto, (max-width: 1024px) 100vw, 1024px\" \/><\/a><\/figure>\n\n\n\n<figure class=\"wp-block-image size-large\"><a href=\"https:\/\/spatzji.ch\/wp-content\/uploads\/2024\/10\/gehacktess01-1-scaled.jpg\"><img loading=\"lazy\" decoding=\"async\" width=\"768\" height=\"1024\" data-id=\"2709\" src=\"https:\/\/spatzji.ch\/wp-content\/uploads\/2024\/10\/gehacktess01-1-768x1024.jpg\" alt=\"\" class=\"wp-image-2709\" srcset=\"https:\/\/spatzji.ch\/wp-content\/uploads\/2024\/10\/gehacktess01-1-768x1024.jpg 768w, https:\/\/spatzji.ch\/wp-content\/uploads\/2024\/10\/gehacktess01-1-225x300.jpg 225w, https:\/\/spatzji.ch\/wp-content\/uploads\/2024\/10\/gehacktess01-1-1152x1536.jpg 1152w, https:\/\/spatzji.ch\/wp-content\/uploads\/2024\/10\/gehacktess01-1-1536x2048.jpg 1536w, https:\/\/spatzji.ch\/wp-content\/uploads\/2024\/10\/gehacktess01-1-scaled.jpg 1920w\" sizes=\"auto, (max-width: 768px) 100vw, 768px\" \/><\/a><\/figure>\n\n\n\n<figure class=\"wp-block-image size-large\"><a href=\"https:\/\/spatzji.ch\/wp-content\/uploads\/2024\/10\/gehacktess01-2-scaled.jpg\"><img loading=\"lazy\" decoding=\"async\" width=\"768\" height=\"1024\" data-id=\"2710\" src=\"https:\/\/spatzji.ch\/wp-content\/uploads\/2024\/10\/gehacktess01-2-768x1024.jpg\" alt=\"\" class=\"wp-image-2710\" srcset=\"https:\/\/spatzji.ch\/wp-content\/uploads\/2024\/10\/gehacktess01-2-768x1024.jpg 768w, https:\/\/spatzji.ch\/wp-content\/uploads\/2024\/10\/gehacktess01-2-225x300.jpg 225w, https:\/\/spatzji.ch\/wp-content\/uploads\/2024\/10\/gehacktess01-2-1152x1536.jpg 1152w, https:\/\/spatzji.ch\/wp-content\/uploads\/2024\/10\/gehacktess01-2-1536x2048.jpg 1536w, https:\/\/spatzji.ch\/wp-content\/uploads\/2024\/10\/gehacktess01-2-scaled.jpg 1920w\" sizes=\"auto, (max-width: 768px) 100vw, 768px\" \/><\/a><\/figure>\n\n\n\n<figure class=\"wp-block-image size-large\"><img loading=\"lazy\" decoding=\"async\" width=\"768\" height=\"1024\" data-id=\"2711\" src=\"https:\/\/spatzji.ch\/wp-content\/uploads\/2024\/10\/gehacktess01-3-768x1024.jpg\" alt=\"\" class=\"wp-image-2711\" srcset=\"https:\/\/spatzji.ch\/wp-content\/uploads\/2024\/10\/gehacktess01-3-768x1024.jpg 768w, https:\/\/spatzji.ch\/wp-content\/uploads\/2024\/10\/gehacktess01-3-225x300.jpg 225w, https:\/\/spatzji.ch\/wp-content\/uploads\/2024\/10\/gehacktess01-3-1152x1536.jpg 1152w, https:\/\/spatzji.ch\/wp-content\/uploads\/2024\/10\/gehacktess01-3-1536x2048.jpg 1536w, https:\/\/spatzji.ch\/wp-content\/uploads\/2024\/10\/gehacktess01-3-scaled.jpg 1920w\" sizes=\"auto, (max-width: 768px) 100vw, 768px\" \/><\/figure>\n\n\n\n<figure class=\"wp-block-image size-large\"><img loading=\"lazy\" decoding=\"async\" width=\"993\" height=\"1024\" data-id=\"2712\" src=\"https:\/\/spatzji.ch\/wp-content\/uploads\/2024\/10\/gehacktess01-3-993x1024.png\" alt=\"\" class=\"wp-image-2712\" srcset=\"https:\/\/spatzji.ch\/wp-content\/uploads\/2024\/10\/gehacktess01-3-993x1024.png 993w, https:\/\/spatzji.ch\/wp-content\/uploads\/2024\/10\/gehacktess01-3-291x300.png 291w, https:\/\/spatzji.ch\/wp-content\/uploads\/2024\/10\/gehacktess01-3-768x792.png 768w, https:\/\/spatzji.ch\/wp-content\/uploads\/2024\/10\/gehacktess01-3-1490x1536.png 1490w, https:\/\/spatzji.ch\/wp-content\/uploads\/2024\/10\/gehacktess01-3.png 1808w\" sizes=\"auto, (max-width: 993px) 100vw, 993px\" \/><\/figure>\n<\/figure>\n\n\n\n<p class=\"has-text-align-right\"><a href=\"javascript:history.back()\">Zur\u00fcck<\/a><\/p>\n","protected":false},"excerpt":{"rendered":"<p>Zutaten Zubereitung Tipps und Tricks Fazit Originalrezept Hier geht es zum Originalrezept. Link Variante Sehen Sie eine weitere Variante zu diesem Rezept. Link pdf ex alte Home Page. link Rezept Videos Hier geht es&nbsp;zum Rezept Video. Link Rezept Fotos Zur\u00fcck<\/p>\n","protected":false},"author":1,"featured_media":0,"parent":0,"menu_order":0,"comment_status":"closed","ping_status":"closed","template":"","meta":{"ngg_post_thumbnail":0,"footnotes":""},"class_list":["post-2703","page","type-page","status-publish","hentry"],"_links":{"self":[{"href":"https:\/\/spatzji.ch\/index.php?rest_route=\/wp\/v2\/pages\/2703","targetHints":{"allow":["GET"]}}],"collection":[{"href":"https:\/\/spatzji.ch\/index.php?rest_route=\/wp\/v2\/pages"}],"about":[{"href":"https:\/\/spatzji.ch\/index.php?rest_route=\/wp\/v2\/types\/page"}],"author":[{"embeddable":true,"href":"https:\/\/spatzji.ch\/index.php?rest_route=\/wp\/v2\/users\/1"}],"replies":[{"embeddable":true,"href":"https:\/\/spatzji.ch\/index.php?rest_route=%2Fwp%2Fv2%2Fcomments&post=2703"}],"version-history":[{"count":7,"href":"https:\/\/spatzji.ch\/index.php?rest_route=\/wp\/v2\/pages\/2703\/revisions"}],"predecessor-version":[{"id":2723,"href":"https:\/\/spatzji.ch\/index.php?rest_route=\/wp\/v2\/pages\/2703\/revisions\/2723"}],"wp:attachment":[{"href":"https:\/\/spatzji.ch\/index.php?rest_route=%2Fwp%2Fv2%2Fmedia&parent=2703"}],"curies":[{"name":"wp","href":"https:\/\/api.w.org\/{rel}","templated":true}]}}