{"id":2527,"date":"2024-09-19T12:47:26","date_gmt":"2024-09-19T12:47:26","guid":{"rendered":"https:\/\/spatzji.ch\/?page_id=2527"},"modified":"2024-09-19T13:03:04","modified_gmt":"2024-09-19T13:03:04","slug":"kartoffelsuppe","status":"publish","type":"page","link":"https:\/\/spatzji.ch\/?page_id=2527","title":{"rendered":"Kartoffelsuppe"},"content":{"rendered":"\n<figure class=\"wp-block-image size-full\"><img loading=\"lazy\" decoding=\"async\" width=\"3208\" height=\"2998\" src=\"https:\/\/spatzji.ch\/wp-content\/uploads\/2024\/09\/Kartoffelsuppe-3-1.png\" alt=\"\" class=\"wp-image-2529\" srcset=\"https:\/\/spatzji.ch\/wp-content\/uploads\/2024\/09\/Kartoffelsuppe-3-1.png 3208w, https:\/\/spatzji.ch\/wp-content\/uploads\/2024\/09\/Kartoffelsuppe-3-1-300x280.png 300w, https:\/\/spatzji.ch\/wp-content\/uploads\/2024\/09\/Kartoffelsuppe-3-1-1024x957.png 1024w, https:\/\/spatzji.ch\/wp-content\/uploads\/2024\/09\/Kartoffelsuppe-3-1-768x718.png 768w, https:\/\/spatzji.ch\/wp-content\/uploads\/2024\/09\/Kartoffelsuppe-3-1-1536x1435.png 1536w, https:\/\/spatzji.ch\/wp-content\/uploads\/2024\/09\/Kartoffelsuppe-3-1-2048x1914.png 2048w\" sizes=\"auto, (max-width: 3208px) 100vw, 3208px\" \/><\/figure>\n\n\n\n<h2 class=\"wp-block-heading\">Zutaten<\/h2>\n\n\n\n<ul class=\"wp-block-list has-black-color has-text-color has-link-color wp-elements-f7abaa318109a05518b9501fc8fcaf80\">\n<li>3 Kartoffel<\/li>\n\n\n\n<li>3 Lauchstangen<\/li>\n\n\n\n<li>Mehl<\/li>\n\n\n\n<li>Butter<\/li>\n\n\n\n<li>2 Maggi W\u00fcrfel<\/li>\n\n\n\n<li>2 W\u00fcrfel gek\u00f6rnte Br\u00fche hinzugeben<\/li>\n<\/ul>\n\n\n\n<p class=\"has-black-color has-text-color has-link-color wp-elements-9ac00cf961d1ea846fe5a532228b76c6\"><\/p>\n\n\n\n<h2 class=\"wp-block-heading\">Zubereitung<\/h2>\n\n\n\n<ul class=\"wp-block-list has-black-color has-text-color has-link-color wp-elements-770bc3a1536097f9dd19e51c0d934793\">\n<li>Kartoffel und Lauchstangen r\u00fcsten und verkleinern<\/li>\n\n\n\n<li>Wasser in einem grossen Topf zum sieden bringen<\/li>\n\n\n\n<li>Mehl in Butter anschwitzen <\/li>\n\n\n\n<li>Mehlschwitze in kochendes Wasser einr\u00fchren (Schwingbesen)<\/li>\n\n\n\n<li>Gem\u00fcse hinzugeben und alles leicht salzen<\/li>\n\n\n\n<li> 2 Maggi W\u00fcrfel und 1 W\u00fcrfel gek\u00f6rnte Br\u00fche hinzugeben 2h leicht kochen<\/li>\n\n\n\n<li>30 min vor dem Ende einen zweiten W\u00fcrfel gek\u00f6rnte Br\u00fche hinzugeben.<\/li>\n\n\n\n<li><\/li>\n<\/ul>\n\n\n\n<h2 class=\"wp-block-heading\">Tipps und Tricks<\/h2>\n\n\n\n<p class=\"has-black-color has-text-color has-link-color wp-elements-e2b52a8bc0bc50a46aa77d3b92631c6c\">Mit K\u00e4se servieren. Nach Wunsch mit fl\u00fcssiger Maggi w\u00fcrzen.<\/p>\n\n\n\n<h2 class=\"wp-block-heading\">Fazit<\/h2>\n\n\n\n<p class=\"has-black-color has-text-color has-link-color wp-elements-3c06e896e19fb7572cc676a2abcd7b38\">Einfach und Super<\/p>\n\n\n\n<h2 class=\"wp-block-heading\">Originalrezept<\/h2>\n\n\n\n<p class=\"has-black-color has-text-color has-link-color wp-elements-40b113f25ce3c6de83b47dc11b3b74e1\">Hier geht es zum Originalrezept. Link<\/p>\n\n\n\n<h2 class=\"wp-block-heading\">Variante<\/h2>\n\n\n\n<p class=\"has-black-color has-text-color has-link-color wp-elements-feeaa6b753f52459a9d8fdd5048522f7\">Sehen Sie eine weitere Variante zu diesem Rezept. Link<\/p>\n\n\n\n<p class=\"has-black-color has-text-color has-link-color wp-elements-cc922185dd4511d85f065065b61dae57\">pdf ex alte Home Page. <a href=\"https:\/\/spatzji.ch\/wp-content\/uploads\/2024\/09\/Suppen_Kartoffelsuppe.pdf\" data-type=\"attachment\" data-id=\"2547\">link<\/a><\/p>\n\n\n\n<h2 class=\"wp-block-heading\">Rezept Videos<\/h2>\n\n\n\n<p class=\"has-black-color has-text-color has-link-color wp-elements-4b2fc126f15f6db5763ea613e8478f30\">Hier geht es&nbsp;zum Rezept Video. Link<\/p>\n\n\n\n<h2 class=\"wp-block-heading\">Rezept Fotos<\/h2>\n\n\n\n<figure class=\"wp-block-gallery has-nested-images columns-1 is-cropped wp-block-gallery-1 is-layout-flex wp-block-gallery-is-layout-flex\">\n<figure class=\"wp-block-image size-large\"><img loading=\"lazy\" decoding=\"async\" width=\"1024\" height=\"538\" data-id=\"2534\" src=\"https:\/\/spatzji.ch\/wp-content\/uploads\/2024\/09\/Kartoffelsuppe-4-1024x538.png\" alt=\"\" class=\"wp-image-2534\" srcset=\"https:\/\/spatzji.ch\/wp-content\/uploads\/2024\/09\/Kartoffelsuppe-4-1024x538.png 1024w, https:\/\/spatzji.ch\/wp-content\/uploads\/2024\/09\/Kartoffelsuppe-4-300x158.png 300w, https:\/\/spatzji.ch\/wp-content\/uploads\/2024\/09\/Kartoffelsuppe-4-768x403.png 768w, https:\/\/spatzji.ch\/wp-content\/uploads\/2024\/09\/Kartoffelsuppe-4-1536x807.png 1536w, https:\/\/spatzji.ch\/wp-content\/uploads\/2024\/09\/Kartoffelsuppe-4-2048x1076.png 2048w\" sizes=\"auto, (max-width: 1024px) 100vw, 1024px\" \/><\/figure>\n\n\n\n<figure class=\"wp-block-image size-large\"><img loading=\"lazy\" decoding=\"async\" width=\"1024\" height=\"957\" data-id=\"2535\" src=\"https:\/\/spatzji.ch\/wp-content\/uploads\/2024\/09\/Kartoffelsuppe-5-1024x957.png\" alt=\"\" class=\"wp-image-2535\" srcset=\"https:\/\/spatzji.ch\/wp-content\/uploads\/2024\/09\/Kartoffelsuppe-5-1024x957.png 1024w, https:\/\/spatzji.ch\/wp-content\/uploads\/2024\/09\/Kartoffelsuppe-5-300x280.png 300w, https:\/\/spatzji.ch\/wp-content\/uploads\/2024\/09\/Kartoffelsuppe-5-768x718.png 768w, https:\/\/spatzji.ch\/wp-content\/uploads\/2024\/09\/Kartoffelsuppe-5-1536x1435.png 1536w, https:\/\/spatzji.ch\/wp-content\/uploads\/2024\/09\/Kartoffelsuppe-5-2048x1914.png 2048w\" sizes=\"auto, (max-width: 1024px) 100vw, 1024px\" \/><\/figure>\n\n\n\n<figure class=\"wp-block-image size-large\"><img loading=\"lazy\" decoding=\"async\" width=\"790\" height=\"1024\" data-id=\"2536\" src=\"https:\/\/spatzji.ch\/wp-content\/uploads\/2024\/09\/Kartoffelsuppe-6-790x1024.png\" alt=\"\" class=\"wp-image-2536\" srcset=\"https:\/\/spatzji.ch\/wp-content\/uploads\/2024\/09\/Kartoffelsuppe-6-790x1024.png 790w, https:\/\/spatzji.ch\/wp-content\/uploads\/2024\/09\/Kartoffelsuppe-6-231x300.png 231w, https:\/\/spatzji.ch\/wp-content\/uploads\/2024\/09\/Kartoffelsuppe-6-768x996.png 768w, https:\/\/spatzji.ch\/wp-content\/uploads\/2024\/09\/Kartoffelsuppe-6-1184x1536.png 1184w, https:\/\/spatzji.ch\/wp-content\/uploads\/2024\/09\/Kartoffelsuppe-6-1579x2048.png 1579w\" sizes=\"auto, (max-width: 790px) 100vw, 790px\" \/><\/figure>\n\n\n\n<figure class=\"wp-block-image size-large\"><img loading=\"lazy\" decoding=\"async\" width=\"1024\" height=\"949\" data-id=\"2537\" src=\"https:\/\/spatzji.ch\/wp-content\/uploads\/2024\/09\/Kartoffelsuppe-7-1024x949.png\" alt=\"\" class=\"wp-image-2537\" srcset=\"https:\/\/spatzji.ch\/wp-content\/uploads\/2024\/09\/Kartoffelsuppe-7-1024x949.png 1024w, https:\/\/spatzji.ch\/wp-content\/uploads\/2024\/09\/Kartoffelsuppe-7-300x278.png 300w, https:\/\/spatzji.ch\/wp-content\/uploads\/2024\/09\/Kartoffelsuppe-7-768x712.png 768w, https:\/\/spatzji.ch\/wp-content\/uploads\/2024\/09\/Kartoffelsuppe-7-1536x1424.png 1536w, https:\/\/spatzji.ch\/wp-content\/uploads\/2024\/09\/Kartoffelsuppe-7-2048x1899.png 2048w\" sizes=\"auto, (max-width: 1024px) 100vw, 1024px\" \/><\/figure>\n\n\n\n<figure class=\"wp-block-image size-large\"><a href=\"https:\/\/spatzji.ch\/wp-content\/uploads\/2024\/09\/Kartoffelsuppe-1.png\"><img loading=\"lazy\" decoding=\"async\" width=\"1009\" height=\"1024\" data-id=\"2533\" src=\"https:\/\/spatzji.ch\/wp-content\/uploads\/2024\/09\/Kartoffelsuppe-1-1009x1024.png\" alt=\"\" class=\"wp-image-2533\" srcset=\"https:\/\/spatzji.ch\/wp-content\/uploads\/2024\/09\/Kartoffelsuppe-1-1009x1024.png 1009w, https:\/\/spatzji.ch\/wp-content\/uploads\/2024\/09\/Kartoffelsuppe-1-296x300.png 296w, https:\/\/spatzji.ch\/wp-content\/uploads\/2024\/09\/Kartoffelsuppe-1-768x779.png 768w, https:\/\/spatzji.ch\/wp-content\/uploads\/2024\/09\/Kartoffelsuppe-1-1514x1536.png 1514w, https:\/\/spatzji.ch\/wp-content\/uploads\/2024\/09\/Kartoffelsuppe-1-2018x2048.png 2018w\" sizes=\"auto, (max-width: 1009px) 100vw, 1009px\" \/><\/a><\/figure>\n\n\n\n<figure class=\"wp-block-image size-large\"><img loading=\"lazy\" decoding=\"async\" width=\"1018\" height=\"1024\" data-id=\"2541\" src=\"https:\/\/spatzji.ch\/wp-content\/uploads\/2024\/09\/Kartoffelsuppe-2-1-1018x1024.png\" alt=\"\" class=\"wp-image-2541\" srcset=\"https:\/\/spatzji.ch\/wp-content\/uploads\/2024\/09\/Kartoffelsuppe-2-1-1018x1024.png 1018w, https:\/\/spatzji.ch\/wp-content\/uploads\/2024\/09\/Kartoffelsuppe-2-1-298x300.png 298w, https:\/\/spatzji.ch\/wp-content\/uploads\/2024\/09\/Kartoffelsuppe-2-1-150x150.png 150w, https:\/\/spatzji.ch\/wp-content\/uploads\/2024\/09\/Kartoffelsuppe-2-1-768x772.png 768w, https:\/\/spatzji.ch\/wp-content\/uploads\/2024\/09\/Kartoffelsuppe-2-1-1528x1536.png 1528w, https:\/\/spatzji.ch\/wp-content\/uploads\/2024\/09\/Kartoffelsuppe-2-1-2037x2048.png 2037w\" sizes=\"auto, (max-width: 1018px) 100vw, 1018px\" \/><\/figure>\n\n\n\n<figure class=\"wp-block-image size-large\"><img loading=\"lazy\" decoding=\"async\" width=\"1024\" height=\"957\" data-id=\"2529\" src=\"https:\/\/spatzji.ch\/wp-content\/uploads\/2024\/09\/Kartoffelsuppe-3-1-1024x957.png\" alt=\"\" class=\"wp-image-2529\" srcset=\"https:\/\/spatzji.ch\/wp-content\/uploads\/2024\/09\/Kartoffelsuppe-3-1-1024x957.png 1024w, https:\/\/spatzji.ch\/wp-content\/uploads\/2024\/09\/Kartoffelsuppe-3-1-300x280.png 300w, https:\/\/spatzji.ch\/wp-content\/uploads\/2024\/09\/Kartoffelsuppe-3-1-768x718.png 768w, https:\/\/spatzji.ch\/wp-content\/uploads\/2024\/09\/Kartoffelsuppe-3-1-1536x1435.png 1536w, https:\/\/spatzji.ch\/wp-content\/uploads\/2024\/09\/Kartoffelsuppe-3-1-2048x1914.png 2048w\" sizes=\"auto, (max-width: 1024px) 100vw, 1024px\" \/><\/figure>\n<\/figure>\n\n\n\n<p class=\"has-text-align-right\"><a href=\"javascript:history.back()\">Zur\u00fcck<\/a><\/p>\n","protected":false},"excerpt":{"rendered":"<p>Zutaten Zubereitung Tipps und Tricks Mit K\u00e4se servieren. Nach Wunsch mit fl\u00fcssiger Maggi w\u00fcrzen. Fazit Einfach und Super Originalrezept Hier geht es zum Originalrezept. Link Variante Sehen Sie eine weitere Variante zu diesem Rezept. Link pdf ex alte Home Page. link Rezept Videos Hier geht es&nbsp;zum Rezept Video. Link Rezept Fotos Zur\u00fcck<\/p>\n","protected":false},"author":1,"featured_media":0,"parent":0,"menu_order":0,"comment_status":"closed","ping_status":"closed","template":"","meta":{"ngg_post_thumbnail":0,"footnotes":""},"class_list":["post-2527","page","type-page","status-publish","hentry"],"_links":{"self":[{"href":"https:\/\/spatzji.ch\/index.php?rest_route=\/wp\/v2\/pages\/2527","targetHints":{"allow":["GET"]}}],"collection":[{"href":"https:\/\/spatzji.ch\/index.php?rest_route=\/wp\/v2\/pages"}],"about":[{"href":"https:\/\/spatzji.ch\/index.php?rest_route=\/wp\/v2\/types\/page"}],"author":[{"embeddable":true,"href":"https:\/\/spatzji.ch\/index.php?rest_route=\/wp\/v2\/users\/1"}],"replies":[{"embeddable":true,"href":"https:\/\/spatzji.ch\/index.php?rest_route=%2Fwp%2Fv2%2Fcomments&post=2527"}],"version-history":[{"count":6,"href":"https:\/\/spatzji.ch\/index.php?rest_route=\/wp\/v2\/pages\/2527\/revisions"}],"predecessor-version":[{"id":2548,"href":"https:\/\/spatzji.ch\/index.php?rest_route=\/wp\/v2\/pages\/2527\/revisions\/2548"}],"wp:attachment":[{"href":"https:\/\/spatzji.ch\/index.php?rest_route=%2Fwp%2Fv2%2Fmedia&parent=2527"}],"curies":[{"name":"wp","href":"https:\/\/api.w.org\/{rel}","templated":true}]}}