{"id":2440,"date":"2024-07-02T15:23:31","date_gmt":"2024-07-02T15:23:31","guid":{"rendered":"https:\/\/spatzji.ch\/?page_id=2440"},"modified":"2024-07-02T15:48:53","modified_gmt":"2024-07-02T15:48:53","slug":"lachs-spinat-rolle","status":"publish","type":"page","link":"https:\/\/spatzji.ch\/?page_id=2440","title":{"rendered":"Lachs-Spinat-Rolle"},"content":{"rendered":"\n<figure class=\"wp-block-image size-full\"><img loading=\"lazy\" decoding=\"async\" width=\"1543\" height=\"1126\" src=\"https:\/\/spatzji.ch\/wp-content\/uploads\/2024\/07\/Lachs_Spinat_Rolle.png\" alt=\"\" class=\"wp-image-2441\" srcset=\"https:\/\/spatzji.ch\/wp-content\/uploads\/2024\/07\/Lachs_Spinat_Rolle.png 1543w, https:\/\/spatzji.ch\/wp-content\/uploads\/2024\/07\/Lachs_Spinat_Rolle-300x219.png 300w, https:\/\/spatzji.ch\/wp-content\/uploads\/2024\/07\/Lachs_Spinat_Rolle-1024x747.png 1024w, https:\/\/spatzji.ch\/wp-content\/uploads\/2024\/07\/Lachs_Spinat_Rolle-768x560.png 768w, https:\/\/spatzji.ch\/wp-content\/uploads\/2024\/07\/Lachs_Spinat_Rolle-1536x1121.png 1536w\" sizes=\"auto, (max-width: 1543px) 100vw, 1543px\" \/><\/figure>\n\n\n\n<h2 class=\"wp-block-heading\">Zutaten<\/h2>\n\n\n\n<ul class=\"has-black-color has-text-color has-link-color wp-block-list wp-elements-3e579ceaaaf7fd9a18cce554691f6e05\">\n<li>125 g&nbsp; Blattspinat, TK<\/li>\n\n\n\n<li>4&nbsp;&nbsp;&nbsp;&nbsp;&nbsp;&nbsp;&nbsp;&nbsp;&nbsp; Eier<\/li>\n\n\n\n<li>50 g&nbsp;&nbsp;&nbsp; K\u00e4se, gerieben<\/li>\n\n\n\n<li>250 g&nbsp; R\u00e4ucherlachs<\/li>\n\n\n\n<li>200 g&nbsp; Kr\u00e4uterfrischk\u00e4se<\/li>\n\n\n\n<li>&nbsp;&nbsp;&nbsp;&nbsp;&nbsp;&nbsp;&nbsp;&nbsp;&nbsp;&nbsp;&nbsp; Salz und Pfeffer<\/li>\n\n\n\n<li>&nbsp;&nbsp;&nbsp;&nbsp;&nbsp;&nbsp;&nbsp;&nbsp;&nbsp;&nbsp;&nbsp; Parmesan<\/li>\n\n\n\n<li>&nbsp;&nbsp;&nbsp;&nbsp;&nbsp;&nbsp;&nbsp;&nbsp;&nbsp;&nbsp;&nbsp; etwas Zitronensaft<\/li>\n<\/ul>\n\n\n\n<h2 class=\"wp-block-heading has-black-color has-text-color has-link-color wp-elements-02f4a44981bf9ae634d78c71e9a7274f\">Zubereitung<\/h2>\n\n\n\n<ul class=\"has-black-color has-text-color has-link-color wp-block-list wp-elements-f127330b0c69ccf0f1f1bd4a5eddb752\">\n<li>Spinat auftauen lassen und etwas kleiner schneiden.<\/li>\n\n\n\n<li>Eier schaumig schlagen. Spinat, Salz, Pfeffer, K\u00e4se mit der Eiermasse mischen.<\/li>\n\n\n\n<li>Ein Backblech mit Backpapier auslegen und mit Parmesan bestreuen, die Masse darauf verteilen. 10 Min. bei 200 Grad backen, kalt werden lassen, umdrehen, so dass die F\u00fclle auf die K\u00e4seseite kommt. <\/li>\n\n\n\n<li>Mit Kr\u00e4uterfrischk\u00e4se bestreichen, darauf den Lachs verteilen, mit Zitronensaft betr\u00e4ufeln. <\/li>\n\n\n\n<li>Das Ganze fest rollen und in Klarsichtfolie wickeln und mindestens 6 Stunden k\u00fchlen. <\/li>\n\n\n\n<li>Danach in beliebig dicke Scheiben schneiden. <\/li>\n<\/ul>\n\n\n\n<h2 class=\"wp-block-heading\">Tipps und Tricks<\/h2>\n\n\n\n<ul class=\"has-black-color has-text-color has-link-color wp-block-list wp-elements-76dbbe2b26e458747f7df7d0dfad11b3\">\n<li>Mit Sahnemeerrettich und Melonen\/Gurken Salat als Vorspeise servieren.<\/li>\n\n\n\n<li>Eventuell den Frischk\u00e4se durch Sahnemeerrettich ersetzen oder vermischen. &#8230;.. zu probieren<\/li>\n<\/ul>\n\n\n\n<h2 class=\"wp-block-heading\">Fazit<\/h2>\n\n\n\n<ul class=\"has-black-color has-text-color has-link-color wp-block-list wp-elements-d621321f8f660ed8089054af4bb5d6f1\">\n<li>Super Vorspeise<\/li>\n\n\n\n<li>Rezept wurde Original 1:1 \u00fcbernommen.<\/li>\n<\/ul>\n\n\n\n<h2 class=\"wp-block-heading\">Originalrezept<\/h2>\n\n\n\n<p class=\"has-black-color has-text-color has-link-color wp-elements-b84e39652eced7981da58e685269906e\">Hier geht es zum Originalrezept. <a href=\"https:\/\/spatzji.ch\/wp-content\/uploads\/2024\/07\/Lachs_Spinat_Rolle.pdf\" data-type=\"attachment\" data-id=\"2443\">Link_pdf<\/a> oder <a href=\"https:\/\/www.chefkoch.de\/rezepte\/175281076600733\/Lachs-Spinat-Rolle.html\">Lachs-Spinat-Rolle von hirlitschka| Chefkoch<\/a><\/p>\n\n\n\n<h2 class=\"wp-block-heading\">Variante<\/h2>\n\n\n\n<p class=\"has-black-color has-text-color has-link-color wp-elements-feeaa6b753f52459a9d8fdd5048522f7\">Sehen Sie eine weitere Variante zu diesem Rezept. Link<\/p>\n\n\n\n<p class=\"has-black-color has-text-color has-link-color wp-elements-31301de55d348c9ff4b8a7700e4ab8dd\">pdf ex alte Home Page. link<\/p>\n\n\n\n<h2 class=\"wp-block-heading\">Rezept Videos<\/h2>\n\n\n\n<p class=\"has-black-color has-text-color has-link-color wp-elements-4b2fc126f15f6db5763ea613e8478f30\">Hier geht es&nbsp;zum Rezept Video. Link<\/p>\n\n\n\n<h2 class=\"wp-block-heading\">Rezept Fotos<\/h2>\n\n\n\n<figure class=\"wp-block-gallery has-nested-images columns-default is-cropped wp-block-gallery-1 is-layout-flex wp-block-gallery-is-layout-flex\"><\/figure>\n\n\n\n<p class=\"has-text-align-right\"><a href=\"javascript:history.back()\">Zur\u00fcck<\/a><\/p>\n","protected":false},"excerpt":{"rendered":"<p>Zutaten Zubereitung Tipps und Tricks Fazit Originalrezept Hier geht es zum Originalrezept. Link_pdf oder Lachs-Spinat-Rolle von hirlitschka| Chefkoch Variante Sehen Sie eine weitere Variante zu diesem Rezept. Link pdf ex alte Home Page. link Rezept Videos Hier geht es&nbsp;zum Rezept Video. Link Rezept Fotos Zur\u00fcck<\/p>\n","protected":false},"author":1,"featured_media":2441,"parent":0,"menu_order":0,"comment_status":"closed","ping_status":"closed","template":"","meta":{"ngg_post_thumbnail":0,"footnotes":""},"class_list":["post-2440","page","type-page","status-publish","has-post-thumbnail","hentry"],"_links":{"self":[{"href":"https:\/\/spatzji.ch\/index.php?rest_route=\/wp\/v2\/pages\/2440","targetHints":{"allow":["GET"]}}],"collection":[{"href":"https:\/\/spatzji.ch\/index.php?rest_route=\/wp\/v2\/pages"}],"about":[{"href":"https:\/\/spatzji.ch\/index.php?rest_route=\/wp\/v2\/types\/page"}],"author":[{"embeddable":true,"href":"https:\/\/spatzji.ch\/index.php?rest_route=\/wp\/v2\/users\/1"}],"replies":[{"embeddable":true,"href":"https:\/\/spatzji.ch\/index.php?rest_route=%2Fwp%2Fv2%2Fcomments&post=2440"}],"version-history":[{"count":7,"href":"https:\/\/spatzji.ch\/index.php?rest_route=\/wp\/v2\/pages\/2440\/revisions"}],"predecessor-version":[{"id":2456,"href":"https:\/\/spatzji.ch\/index.php?rest_route=\/wp\/v2\/pages\/2440\/revisions\/2456"}],"wp:featuredmedia":[{"embeddable":true,"href":"https:\/\/spatzji.ch\/index.php?rest_route=\/wp\/v2\/media\/2441"}],"wp:attachment":[{"href":"https:\/\/spatzji.ch\/index.php?rest_route=%2Fwp%2Fv2%2Fmedia&parent=2440"}],"curies":[{"name":"wp","href":"https:\/\/api.w.org\/{rel}","templated":true}]}}