{"id":2190,"date":"2024-05-07T13:00:58","date_gmt":"2024-05-07T13:00:58","guid":{"rendered":"https:\/\/spatzji.ch\/?page_id=2190"},"modified":"2024-05-24T07:10:02","modified_gmt":"2024-05-24T07:10:02","slug":"geschichteter-kohl-topf","status":"publish","type":"page","link":"https:\/\/spatzji.ch\/?page_id=2190","title":{"rendered":"Geschichteter Kohl Topf"},"content":{"rendered":"\n<figure class=\"wp-block-image size-full\"><img loading=\"lazy\" decoding=\"async\" width=\"1787\" height=\"1698\" src=\"https:\/\/spatzji.ch\/wp-content\/uploads\/2024\/05\/Geschichteter_Kohltopf-1.png\" alt=\"\" class=\"wp-image-2191\" srcset=\"https:\/\/spatzji.ch\/wp-content\/uploads\/2024\/05\/Geschichteter_Kohltopf-1.png 1787w, https:\/\/spatzji.ch\/wp-content\/uploads\/2024\/05\/Geschichteter_Kohltopf-1-300x285.png 300w, https:\/\/spatzji.ch\/wp-content\/uploads\/2024\/05\/Geschichteter_Kohltopf-1-1024x973.png 1024w, https:\/\/spatzji.ch\/wp-content\/uploads\/2024\/05\/Geschichteter_Kohltopf-1-768x730.png 768w, https:\/\/spatzji.ch\/wp-content\/uploads\/2024\/05\/Geschichteter_Kohltopf-1-1536x1460.png 1536w\" sizes=\"auto, (max-width: 1787px) 100vw, 1787px\" \/><\/figure>\n\n\n\n<h2 class=\"wp-block-heading\">Zutaten<\/h2>\n\n\n\n<ul class=\"has-black-color has-text-color has-link-color wp-block-list wp-elements-7e045460deafa8dc21185b710d4305cf\">\n<li>1 Wei\u00dfkohl<\/li>\n\n\n\n<li>500 g Rinderhack (Gehacktes vom Vortag ->Link)<\/li>\n\n\n\n<li>Tomatensauce vom Vortag(Tomaten Spaghetti ->Link)<\/li>\n\n\n\n<li>300 g geraspelter K\u00e4se (f\u00fcr K\u00e4sekuchen)<\/li>\n<\/ul>\n\n\n\n<h2 class=\"wp-block-heading\">Zubereitung<\/h2>\n\n\n\n<ul class=\"has-black-color has-text-color has-link-color wp-block-list wp-elements-5c06f55c0059780fcaa51c4689c1c9de\">\n<li>Kohl im Steamer f\u00fcr 30 Min d\u00e4mpfen<\/li>\n\n\n\n<li>Bl\u00e4tter im Ganzen abl\u00f6sen<\/li>\n\n\n\n<li>Glasschale mit den Bl\u00e4ttern auslegen (\u2026bis \u00fcber den Rand-> am Schluss Glasschale verschliessen)<\/li>\n\n\n\n<li>Glasschale schichtweise belegen: Gehacktes, Tomatensauce, K\u00e4se, Kohlbl\u00e4tter und\u2026wieder von Vorne\u2026..<\/li>\n\n\n\n<li>Glasschale mit den Kohlbl\u00e4tter verschliessen und mit Alufolie abdecken. <\/li>\n\n\n\n<li>Zubereitungszeit: 75 min. im Ofen in der Glasschale bei 210 \u00b0 c ober\/unter Hitze k\u00f6cheln.<\/li>\n<\/ul>\n\n\n\n<h2 class=\"wp-block-heading\">Tipps und Tricks<\/h2>\n\n\n\n<ul class=\"has-black-color has-text-color has-link-color wp-block-list wp-elements-16dd8be411a4093683e9e9db522d08d8\">\n<li>Gehacktes und Tomatensauce auf Mutters K\u00fcche vom Vortag\/Vorvortag ist f\u00fcr dieses Rezept ein MUSS!!!&#8230;&#8230; ansonsten vergessen.<\/li>\n<\/ul>\n\n\n\n<h2 class=\"wp-block-heading\">Fazit<\/h2>\n\n\n\n<ul class=\"has-black-color has-text-color has-link-color wp-block-list wp-elements-6881a3fed81d6268c5a3ec8a5460040f\">\n<li>&#8222;Ufersch\u00e4mt&#8220;&#8230;&#8230;. Aufgew\u00e4rmt noch besser!!<\/li>\n<\/ul>\n\n\n\n<h2 class=\"wp-block-heading\">Originalrezept<\/h2>\n\n\n\n<p class=\"has-black-color has-text-color has-link-color wp-elements-ff9b90dfb6f9eeafb838688ba6191650\">Hier geht es zum Originalrezept Tim M\u00e4lzer. <a href=\"https:\/\/spatzji.ch\/wp-content\/uploads\/2024\/05\/Kohltopf01.pdf\" data-type=\"attachment\" data-id=\"2201\">Link<\/a><\/p>\n\n\n\n<h2 class=\"wp-block-heading\">Variante<\/h2>\n\n\n\n<p class=\"has-black-color has-text-color has-link-color wp-elements-feeaa6b753f52459a9d8fdd5048522f7\">Sehen Sie eine weitere Variante zu diesem Rezept. Link<\/p>\n\n\n\n<p class=\"has-black-color has-text-color has-link-color wp-elements-9c5155f2a0c51f3a7aaa1de90f73f6c1\">pdf ex alte Home Page. <a href=\"https:\/\/spatzji.ch\/wp-content\/uploads\/2024\/05\/Gemuese_Geschichteter-Kohltopf.pdf\" data-type=\"attachment\" data-id=\"2200\">link<\/a><\/p>\n\n\n\n<h2 class=\"wp-block-heading\">Rezept Videos<\/h2>\n\n\n\n<p class=\"has-black-color has-text-color has-link-color wp-elements-4b2fc126f15f6db5763ea613e8478f30\">Hier geht es&nbsp;zum Rezept Video. Link<\/p>\n\n\n\n<h2 class=\"wp-block-heading\">Rezept Fotos<\/h2>\n\n\n\n<figure class=\"wp-block-gallery has-nested-images columns-1 is-cropped wp-block-gallery-1 is-layout-flex wp-block-gallery-is-layout-flex\">\n<figure class=\"wp-block-image size-large\"><a href=\"https:\/\/spatzji.ch\/wp-content\/uploads\/2024\/05\/Geschichteter_Kohltopf-3.png\"><img loading=\"lazy\" decoding=\"async\" width=\"836\" height=\"1024\" data-id=\"2193\" src=\"https:\/\/spatzji.ch\/wp-content\/uploads\/2024\/05\/Geschichteter_Kohltopf-3-836x1024.png\" alt=\"\" class=\"wp-image-2193\" srcset=\"https:\/\/spatzji.ch\/wp-content\/uploads\/2024\/05\/Geschichteter_Kohltopf-3-836x1024.png 836w, https:\/\/spatzji.ch\/wp-content\/uploads\/2024\/05\/Geschichteter_Kohltopf-3-245x300.png 245w, https:\/\/spatzji.ch\/wp-content\/uploads\/2024\/05\/Geschichteter_Kohltopf-3-768x941.png 768w, https:\/\/spatzji.ch\/wp-content\/uploads\/2024\/05\/Geschichteter_Kohltopf-3-1254x1536.png 1254w, https:\/\/spatzji.ch\/wp-content\/uploads\/2024\/05\/Geschichteter_Kohltopf-3-1672x2048.png 1672w\" sizes=\"auto, (max-width: 836px) 100vw, 836px\" \/><\/a><\/figure>\n\n\n\n<figure class=\"wp-block-image size-large\"><a href=\"https:\/\/spatzji.ch\/wp-content\/uploads\/2024\/05\/Geschichteter_Kohltopf-3.jpg\"><img loading=\"lazy\" decoding=\"async\" width=\"959\" height=\"1024\" data-id=\"2195\" src=\"https:\/\/spatzji.ch\/wp-content\/uploads\/2024\/05\/Geschichteter_Kohltopf-3-959x1024.jpg\" alt=\"\" class=\"wp-image-2195\" srcset=\"https:\/\/spatzji.ch\/wp-content\/uploads\/2024\/05\/Geschichteter_Kohltopf-3-959x1024.jpg 959w, https:\/\/spatzji.ch\/wp-content\/uploads\/2024\/05\/Geschichteter_Kohltopf-3-281x300.jpg 281w, https:\/\/spatzji.ch\/wp-content\/uploads\/2024\/05\/Geschichteter_Kohltopf-3-768x820.jpg 768w, https:\/\/spatzji.ch\/wp-content\/uploads\/2024\/05\/Geschichteter_Kohltopf-3-1439x1536.jpg 1439w, https:\/\/spatzji.ch\/wp-content\/uploads\/2024\/05\/Geschichteter_Kohltopf-3-1918x2048.jpg 1918w\" sizes=\"auto, (max-width: 959px) 100vw, 959px\" \/><\/a><\/figure>\n\n\n\n<figure class=\"wp-block-image size-large\"><a href=\"https:\/\/spatzji.ch\/wp-content\/uploads\/2024\/05\/Geschichteter_Kohltopf-4.jpg\"><img loading=\"lazy\" decoding=\"async\" width=\"852\" height=\"1024\" data-id=\"2196\" src=\"https:\/\/spatzji.ch\/wp-content\/uploads\/2024\/05\/Geschichteter_Kohltopf-4-852x1024.jpg\" alt=\"\" class=\"wp-image-2196\" srcset=\"https:\/\/spatzji.ch\/wp-content\/uploads\/2024\/05\/Geschichteter_Kohltopf-4-852x1024.jpg 852w, https:\/\/spatzji.ch\/wp-content\/uploads\/2024\/05\/Geschichteter_Kohltopf-4-250x300.jpg 250w, https:\/\/spatzji.ch\/wp-content\/uploads\/2024\/05\/Geschichteter_Kohltopf-4-768x923.jpg 768w, https:\/\/spatzji.ch\/wp-content\/uploads\/2024\/05\/Geschichteter_Kohltopf-4-1278x1536.jpg 1278w, https:\/\/spatzji.ch\/wp-content\/uploads\/2024\/05\/Geschichteter_Kohltopf-4-1704x2048.jpg 1704w\" sizes=\"auto, (max-width: 852px) 100vw, 852px\" \/><\/a><\/figure>\n\n\n\n<figure class=\"wp-block-image size-large\"><img loading=\"lazy\" decoding=\"async\" width=\"1024\" height=\"768\" data-id=\"2197\" src=\"https:\/\/spatzji.ch\/wp-content\/uploads\/2024\/05\/Kohltopf01.jpg\" alt=\"\" class=\"wp-image-2197\" srcset=\"https:\/\/spatzji.ch\/wp-content\/uploads\/2024\/05\/Kohltopf01.jpg 1024w, https:\/\/spatzji.ch\/wp-content\/uploads\/2024\/05\/Kohltopf01-300x225.jpg 300w, https:\/\/spatzji.ch\/wp-content\/uploads\/2024\/05\/Kohltopf01-768x576.jpg 768w\" sizes=\"auto, (max-width: 1024px) 100vw, 1024px\" \/><\/figure>\n\n\n\n<figure class=\"wp-block-image size-large\"><img loading=\"lazy\" decoding=\"async\" width=\"1024\" height=\"768\" data-id=\"2198\" src=\"https:\/\/spatzji.ch\/wp-content\/uploads\/2024\/05\/Kohltopf02.jpg\" alt=\"\" class=\"wp-image-2198\" srcset=\"https:\/\/spatzji.ch\/wp-content\/uploads\/2024\/05\/Kohltopf02.jpg 1024w, https:\/\/spatzji.ch\/wp-content\/uploads\/2024\/05\/Kohltopf02-300x225.jpg 300w, https:\/\/spatzji.ch\/wp-content\/uploads\/2024\/05\/Kohltopf02-768x576.jpg 768w\" sizes=\"auto, (max-width: 1024px) 100vw, 1024px\" \/><\/figure>\n<\/figure>\n\n\n\n<p class=\"has-text-align-right\"><a href=\"javascript:history.back()\">Zur\u00fcck<\/a><\/p>\n","protected":false},"excerpt":{"rendered":"<p>Zutaten Zubereitung Tipps und Tricks Fazit Originalrezept Hier geht es zum Originalrezept Tim M\u00e4lzer. Link Variante Sehen Sie eine weitere Variante zu diesem Rezept. Link pdf ex alte Home Page. link Rezept Videos Hier geht es&nbsp;zum Rezept Video. Link Rezept Fotos Zur\u00fcck<\/p>\n","protected":false},"author":1,"featured_media":2191,"parent":0,"menu_order":0,"comment_status":"closed","ping_status":"closed","template":"","meta":{"ngg_post_thumbnail":0,"footnotes":""},"class_list":["post-2190","page","type-page","status-publish","has-post-thumbnail","hentry"],"_links":{"self":[{"href":"https:\/\/spatzji.ch\/index.php?rest_route=\/wp\/v2\/pages\/2190","targetHints":{"allow":["GET"]}}],"collection":[{"href":"https:\/\/spatzji.ch\/index.php?rest_route=\/wp\/v2\/pages"}],"about":[{"href":"https:\/\/spatzji.ch\/index.php?rest_route=\/wp\/v2\/types\/page"}],"author":[{"embeddable":true,"href":"https:\/\/spatzji.ch\/index.php?rest_route=\/wp\/v2\/users\/1"}],"replies":[{"embeddable":true,"href":"https:\/\/spatzji.ch\/index.php?rest_route=%2Fwp%2Fv2%2Fcomments&post=2190"}],"version-history":[{"count":6,"href":"https:\/\/spatzji.ch\/index.php?rest_route=\/wp\/v2\/pages\/2190\/revisions"}],"predecessor-version":[{"id":2209,"href":"https:\/\/spatzji.ch\/index.php?rest_route=\/wp\/v2\/pages\/2190\/revisions\/2209"}],"wp:featuredmedia":[{"embeddable":true,"href":"https:\/\/spatzji.ch\/index.php?rest_route=\/wp\/v2\/media\/2191"}],"wp:attachment":[{"href":"https:\/\/spatzji.ch\/index.php?rest_route=%2Fwp%2Fv2%2Fmedia&parent=2190"}],"curies":[{"name":"wp","href":"https:\/\/api.w.org\/{rel}","templated":true}]}}