{"id":1968,"date":"2024-03-28T14:50:44","date_gmt":"2024-03-28T14:50:44","guid":{"rendered":"https:\/\/spatzji.ch\/?page_id=1968"},"modified":"2024-03-28T15:04:16","modified_gmt":"2024-03-28T15:04:16","slug":"bolognese-ala-nonna","status":"publish","type":"page","link":"https:\/\/spatzji.ch\/?page_id=1968","title":{"rendered":"Bolognese ala Nonna"},"content":{"rendered":"\n<figure class=\"wp-block-image size-full\"><img loading=\"lazy\" decoding=\"async\" width=\"1715\" height=\"1673\" src=\"https:\/\/spatzji.ch\/wp-content\/uploads\/2024\/03\/bolognese_alla_nonna-1.png\" alt=\"\" class=\"wp-image-1969\" srcset=\"https:\/\/spatzji.ch\/wp-content\/uploads\/2024\/03\/bolognese_alla_nonna-1.png 1715w, https:\/\/spatzji.ch\/wp-content\/uploads\/2024\/03\/bolognese_alla_nonna-1-300x293.png 300w, https:\/\/spatzji.ch\/wp-content\/uploads\/2024\/03\/bolognese_alla_nonna-1-1024x999.png 1024w, https:\/\/spatzji.ch\/wp-content\/uploads\/2024\/03\/bolognese_alla_nonna-1-768x749.png 768w, https:\/\/spatzji.ch\/wp-content\/uploads\/2024\/03\/bolognese_alla_nonna-1-1536x1498.png 1536w\" sizes=\"auto, (max-width: 1715px) 100vw, 1715px\" \/><\/figure>\n\n\n\n<h2 class=\"wp-block-heading\">Zutaten<\/h2>\n\n\n\n<p><br><br><br><\/p>\n\n\n\n<ul class=\"has-black-color has-text-color has-link-color wp-block-list wp-elements-f2f331c97471b89d3f22a55b0b09b7d1\">\n<li>\u00d6l (KEIN Oliven\u00f6l)<\/li>\n\n\n\n<li>1 Packung gew\u00fcrfelter Speck<\/li>\n\n\n\n<li>Salz und Pfeffer (KEIN Fleischgew\u00fcrz)<\/li>\n\n\n\n<li>1 Zwiebeln gehackt<\/li>\n\n\n\n<li>1 Sellerie gehackt<\/li>\n\n\n\n<li>1 Karotten gehackt<\/li>\n\n\n\n<li>200 g Schweinehack<\/li>\n\n\n\n<li>300 g Rinderhack<\/li>\n\n\n\n<li>Tomatenp\u00fcree 1 guter SL<\/li>\n\n\n\n<li>1 Dose Tomaten gehackt<\/li>\n\n\n\n<li>Die Dose anschliessend mit Milch auff\u00fcllen<\/li>\n\n\n\n<li>Keine gek\u00f6rnte Br\u00fche !!<\/li>\n\n\n\n<li>Kein Knoblauch !!<\/li>\n<\/ul>\n\n\n\n<h2 class=\"wp-block-heading\">Zubereitung<\/h2>\n\n\n\n<ul class=\"has-black-color has-text-color has-link-color wp-block-list wp-elements-78393096f21c7d96f933b9f789e0f1a3\">\n<li>Zutaten in der angegebenen Reihenfolge anbraten, oder dementsprechend zugeben. \u2022 Anschliessend 2 Sunden !! bei kleiner Flamme umr\u00fchren.<\/li>\n\n\n\n<li>Kann nicht anbraten, da es soo viel Fett hat.<\/li>\n\n\n\n<li>Mit Teigwaren servieren.<\/li>\n<\/ul>\n\n\n\n<h2 class=\"wp-block-heading\">Tipps und Tricks<\/h2>\n\n\n\n<ul class=\"has-black-color has-text-color has-link-color wp-block-list wp-elements-267aa859c6d4293d92947af84a4cca21\">\n<li>Hier ist der Trick, dass man all die Verd\u00e4chtigen weglassen MUSS. (Kein Oliven\u00f6l, Kein Fleischgew\u00fcrz, keine gek\u00f6rnte Br\u00fche und kein Knoblauch)<\/li>\n<\/ul>\n\n\n\n<h2 class=\"wp-block-heading\">Fazit<\/h2>\n\n\n\n<ul class=\"has-black-color has-text-color has-link-color wp-block-list wp-elements-2d2e1a0d285c9442d65541031b37cda6\">\n<li>\u00dcberrascht, dass es ein sehr Schmackhaftes Gericht wurde, OHNE das Fleisch zu w\u00fcrzen, noch gek\u00f6rnte Br\u00fche dazugegeben zu haben.<\/li>\n<\/ul>\n\n\n\n<h2 class=\"wp-block-heading\">Originalrezept<\/h2>\n\n\n\n<p class=\"has-black-color has-text-color has-link-color wp-elements-40b113f25ce3c6de83b47dc11b3b74e1\">Hier geht es zum Originalrezept. Link<\/p>\n\n\n\n<h2 class=\"wp-block-heading\">Variante<\/h2>\n\n\n\n<p class=\"has-black-color has-text-color has-link-color wp-elements-feeaa6b753f52459a9d8fdd5048522f7\">Sehen Sie eine weitere Variante zu diesem Rezept. Link<\/p>\n\n\n\n<p class=\"has-black-color has-text-color has-link-color wp-elements-54cca55104c85221e93a77a366d6763b\">pdf ex alte Home Page. <a href=\"https:\/\/spatzji.ch\/wp-content\/uploads\/2024\/03\/Rind_Bolognese-ala-Nonna.pdf\" data-type=\"attachment\" data-id=\"1979\">link<\/a><\/p>\n\n\n\n<h2 class=\"wp-block-heading\">Rezept Videos<\/h2>\n\n\n\n<p class=\"has-black-color has-text-color has-link-color wp-elements-4b2fc126f15f6db5763ea613e8478f30\">Hier geht es&nbsp;zum Rezept Video. Link<\/p>\n\n\n\n<h2 class=\"wp-block-heading\">Rezept Fotos<\/h2>\n\n\n\n<figure class=\"wp-block-gallery has-nested-images columns-1 is-cropped wp-block-gallery-1 is-layout-flex wp-block-gallery-is-layout-flex\">\n<figure class=\"wp-block-image size-large\"><a href=\"https:\/\/spatzji.ch\/wp-content\/uploads\/2024\/03\/bolognese_alla_nonna-4-scaled.jpg\"><img loading=\"lazy\" decoding=\"async\" width=\"768\" height=\"1024\" data-id=\"1971\" src=\"https:\/\/spatzji.ch\/wp-content\/uploads\/2024\/03\/bolognese_alla_nonna-4-768x1024.jpg\" alt=\"\" class=\"wp-image-1971\" srcset=\"https:\/\/spatzji.ch\/wp-content\/uploads\/2024\/03\/bolognese_alla_nonna-4-768x1024.jpg 768w, https:\/\/spatzji.ch\/wp-content\/uploads\/2024\/03\/bolognese_alla_nonna-4-225x300.jpg 225w, https:\/\/spatzji.ch\/wp-content\/uploads\/2024\/03\/bolognese_alla_nonna-4-1152x1536.jpg 1152w, https:\/\/spatzji.ch\/wp-content\/uploads\/2024\/03\/bolognese_alla_nonna-4-1536x2048.jpg 1536w, https:\/\/spatzji.ch\/wp-content\/uploads\/2024\/03\/bolognese_alla_nonna-4-scaled.jpg 1920w\" sizes=\"auto, (max-width: 768px) 100vw, 768px\" \/><\/a><\/figure>\n\n\n\n<figure class=\"wp-block-image size-large\"><img loading=\"lazy\" decoding=\"async\" width=\"1920\" height=\"2560\" data-id=\"1973\" src=\"https:\/\/spatzji.ch\/wp-content\/uploads\/2024\/03\/bolognese_alla_nonna-5-scaled.jpg\" alt=\"\" class=\"wp-image-1973\" srcset=\"https:\/\/spatzji.ch\/wp-content\/uploads\/2024\/03\/bolognese_alla_nonna-5-scaled.jpg 1920w, https:\/\/spatzji.ch\/wp-content\/uploads\/2024\/03\/bolognese_alla_nonna-5-225x300.jpg 225w\" sizes=\"auto, (max-width: 1920px) 100vw, 1920px\" \/><\/figure>\n\n\n\n<figure class=\"wp-block-image size-large\"><a href=\"https:\/\/spatzji.ch\/wp-content\/uploads\/2024\/03\/bolognese_alla_nonna-1-scaled.jpg\"><img loading=\"lazy\" decoding=\"async\" width=\"768\" height=\"1024\" data-id=\"1974\" src=\"https:\/\/spatzji.ch\/wp-content\/uploads\/2024\/03\/bolognese_alla_nonna-1-768x1024.jpg\" alt=\"\" class=\"wp-image-1974\" srcset=\"https:\/\/spatzji.ch\/wp-content\/uploads\/2024\/03\/bolognese_alla_nonna-1-768x1024.jpg 768w, https:\/\/spatzji.ch\/wp-content\/uploads\/2024\/03\/bolognese_alla_nonna-1-225x300.jpg 225w, https:\/\/spatzji.ch\/wp-content\/uploads\/2024\/03\/bolognese_alla_nonna-1-1152x1536.jpg 1152w, https:\/\/spatzji.ch\/wp-content\/uploads\/2024\/03\/bolognese_alla_nonna-1-1536x2048.jpg 1536w, https:\/\/spatzji.ch\/wp-content\/uploads\/2024\/03\/bolognese_alla_nonna-1-scaled.jpg 1920w\" sizes=\"auto, (max-width: 768px) 100vw, 768px\" \/><\/a><\/figure>\n\n\n\n<figure class=\"wp-block-image size-large\"><img loading=\"lazy\" decoding=\"async\" width=\"768\" height=\"1024\" data-id=\"1975\" src=\"https:\/\/spatzji.ch\/wp-content\/uploads\/2024\/03\/bolognese_alla_nonna-2-768x1024.jpg\" alt=\"\" class=\"wp-image-1975\" srcset=\"https:\/\/spatzji.ch\/wp-content\/uploads\/2024\/03\/bolognese_alla_nonna-2-768x1024.jpg 768w, https:\/\/spatzji.ch\/wp-content\/uploads\/2024\/03\/bolognese_alla_nonna-2-225x300.jpg 225w, https:\/\/spatzji.ch\/wp-content\/uploads\/2024\/03\/bolognese_alla_nonna-2-1152x1536.jpg 1152w, https:\/\/spatzji.ch\/wp-content\/uploads\/2024\/03\/bolognese_alla_nonna-2-1536x2048.jpg 1536w, https:\/\/spatzji.ch\/wp-content\/uploads\/2024\/03\/bolognese_alla_nonna-2-scaled.jpg 1920w\" sizes=\"auto, (max-width: 768px) 100vw, 768px\" \/><\/figure>\n\n\n\n<figure class=\"wp-block-image size-large\"><img loading=\"lazy\" decoding=\"async\" width=\"1024\" height=\"576\" data-id=\"1977\" src=\"https:\/\/spatzji.ch\/wp-content\/uploads\/2024\/03\/bolognese_alla_nonna01.jpg\" alt=\"\" class=\"wp-image-1977\" srcset=\"https:\/\/spatzji.ch\/wp-content\/uploads\/2024\/03\/bolognese_alla_nonna01.jpg 1024w, https:\/\/spatzji.ch\/wp-content\/uploads\/2024\/03\/bolognese_alla_nonna01-300x169.jpg 300w, https:\/\/spatzji.ch\/wp-content\/uploads\/2024\/03\/bolognese_alla_nonna01-768x432.jpg 768w\" sizes=\"auto, (max-width: 1024px) 100vw, 1024px\" \/><\/figure>\n<\/figure>\n\n\n\n<p class=\"has-text-align-right\"><a href=\"javascript:history.back()\">Zur\u00fcck<\/a><\/p>\n","protected":false},"excerpt":{"rendered":"<p>Zutaten Zubereitung Tipps und Tricks Fazit Originalrezept Hier geht es zum Originalrezept. Link Variante Sehen Sie eine weitere Variante zu diesem Rezept. Link pdf ex alte Home Page. link Rezept Videos Hier geht es&nbsp;zum Rezept Video. Link Rezept Fotos Zur\u00fcck<\/p>\n","protected":false},"author":1,"featured_media":1969,"parent":0,"menu_order":0,"comment_status":"closed","ping_status":"closed","template":"","meta":{"ngg_post_thumbnail":0,"footnotes":""},"class_list":["post-1968","page","type-page","status-publish","has-post-thumbnail","hentry"],"_links":{"self":[{"href":"https:\/\/spatzji.ch\/index.php?rest_route=\/wp\/v2\/pages\/1968","targetHints":{"allow":["GET"]}}],"collection":[{"href":"https:\/\/spatzji.ch\/index.php?rest_route=\/wp\/v2\/pages"}],"about":[{"href":"https:\/\/spatzji.ch\/index.php?rest_route=\/wp\/v2\/types\/page"}],"author":[{"embeddable":true,"href":"https:\/\/spatzji.ch\/index.php?rest_route=\/wp\/v2\/users\/1"}],"replies":[{"embeddable":true,"href":"https:\/\/spatzji.ch\/index.php?rest_route=%2Fwp%2Fv2%2Fcomments&post=1968"}],"version-history":[{"count":6,"href":"https:\/\/spatzji.ch\/index.php?rest_route=\/wp\/v2\/pages\/1968\/revisions"}],"predecessor-version":[{"id":1985,"href":"https:\/\/spatzji.ch\/index.php?rest_route=\/wp\/v2\/pages\/1968\/revisions\/1985"}],"wp:featuredmedia":[{"embeddable":true,"href":"https:\/\/spatzji.ch\/index.php?rest_route=\/wp\/v2\/media\/1969"}],"wp:attachment":[{"href":"https:\/\/spatzji.ch\/index.php?rest_route=%2Fwp%2Fv2%2Fmedia&parent=1968"}],"curies":[{"name":"wp","href":"https:\/\/api.w.org\/{rel}","templated":true}]}}