{"id":1886,"date":"2024-03-22T16:42:40","date_gmt":"2024-03-22T16:42:40","guid":{"rendered":"https:\/\/spatzji.ch\/?page_id=1886"},"modified":"2024-03-28T15:05:41","modified_gmt":"2024-03-28T15:05:41","slug":"geschnetzeltes-mit-laetschini","status":"publish","type":"page","link":"https:\/\/spatzji.ch\/?page_id=1886","title":{"rendered":"Geschnetzeltes mit Laetschini"},"content":{"rendered":"\n<figure class=\"wp-block-image size-full\"><img loading=\"lazy\" decoding=\"async\" width=\"2249\" height=\"2314\" src=\"https:\/\/spatzji.ch\/wp-content\/uploads\/2024\/03\/geschnetzeltes-2.png\" alt=\"\" class=\"wp-image-1887\" srcset=\"https:\/\/spatzji.ch\/wp-content\/uploads\/2024\/03\/geschnetzeltes-2.png 2249w, https:\/\/spatzji.ch\/wp-content\/uploads\/2024\/03\/geschnetzeltes-2-292x300.png 292w, https:\/\/spatzji.ch\/wp-content\/uploads\/2024\/03\/geschnetzeltes-2-995x1024.png 995w, https:\/\/spatzji.ch\/wp-content\/uploads\/2024\/03\/geschnetzeltes-2-768x790.png 768w, https:\/\/spatzji.ch\/wp-content\/uploads\/2024\/03\/geschnetzeltes-2-1493x1536.png 1493w, https:\/\/spatzji.ch\/wp-content\/uploads\/2024\/03\/geschnetzeltes-2-1990x2048.png 1990w\" sizes=\"auto, (max-width: 2249px) 100vw, 2249px\" \/><\/figure>\n\n\n\n<h2 class=\"wp-block-heading\">Zutaten<\/h2>\n\n\n\n<ul class=\"has-black-color has-text-color has-link-color wp-block-list wp-elements-f6595ff3cb8b942b08101b5b512bd994\">\n<li>Geschnetzeltes (vom Schwein)<\/li>\n\n\n\n<li>1-2 Zwiebeln<\/li>\n\n\n\n<li>Mehl<\/li>\n\n\n\n<li>Weisswein<\/li>\n\n\n\n<li>Essig<\/li>\n\n\n\n<li>Gek\u00f6rnte Br\u00fche<\/li>\n\n\n\n<li>1 Karotte<\/li>\n<\/ul>\n\n\n\n<h2 class=\"wp-block-heading\">Zubereitung<\/h2>\n\n\n\n<p class=\"has-black-color has-text-color has-link-color wp-elements-692e78482e251ee670800be8cfb0002d\">Die Zwiebeln anschwitzen. Geschnetzeltes hinzugeben und gr\u00fcndlich anbraten. Die Karottenst\u00fccke hinzugeben und mit anbraten. Alles mit Mehl best\u00e4uben und anbraten. Mit wenig Essig und reichlich Weisswein abl\u00f6schen. Mit Wasser und gek\u00f6rnter Br\u00fche bedecken.<br>ca. 2h auf kleiner Flamme k\u00f6cheln. Mit den \u00abL\u00e4tschini\u00bb vermengen und geniessen.<\/p>\n\n\n\n<h2 class=\"wp-block-heading\">Tipps und Tricks<\/h2>\n\n\n\n<p class=\"has-black-color has-text-color has-link-color wp-elements-5e90b1491ff35bc2bb764cbe523105b7\">Am Schluss bis zur Saucens\u00e4migkeit einkochen.<\/p>\n\n\n\n<h2 class=\"wp-block-heading\">Fazit<\/h2>\n\n\n\n<p class=\"has-black-color has-text-color has-link-color wp-elements-f3cc62ddd1712e4f9cf2755d3ce7a971\">Etwas vom Feinsten von Mutters K\u00fcche.<\/p>\n\n\n\n<h2 class=\"wp-block-heading\">Originalrezept<\/h2>\n\n\n\n<p class=\"has-black-color has-text-color has-link-color wp-elements-40b113f25ce3c6de83b47dc11b3b74e1\">Hier geht es zum Originalrezept. Link<\/p>\n\n\n\n<h2 class=\"wp-block-heading\">Variante<\/h2>\n\n\n\n<p class=\"has-black-color has-text-color has-link-color wp-elements-feeaa6b753f52459a9d8fdd5048522f7\">Sehen Sie eine weitere Variante zu diesem Rezept. Link<\/p>\n\n\n\n<p class=\"has-black-color has-text-color has-link-color wp-elements-544312a76cf781bc0db3c1bd6230241f\">pdf ex alte Home Page. <a href=\"https:\/\/spatzji.ch\/wp-content\/uploads\/2023\/11\/Schwein_Geschnetzeltes-mit-Laetschini.pdf\" data-type=\"attachment\" data-id=\"104\">link<\/a><\/p>\n\n\n\n<h2 class=\"wp-block-heading\">Rezept Videos<\/h2>\n\n\n\n<p class=\"has-black-color has-text-color has-link-color wp-elements-4b2fc126f15f6db5763ea613e8478f30\">Hier geht es&nbsp;zum Rezept Video. Link<\/p>\n\n\n\n<h2 class=\"wp-block-heading\">Rezept Fotos<\/h2>\n\n\n\n<figure class=\"wp-block-gallery has-nested-images columns-1 is-cropped wp-block-gallery-1 is-layout-flex wp-block-gallery-is-layout-flex\">\n<figure class=\"wp-block-image size-full\"><a href=\"https:\/\/spatzji.ch\/wp-content\/uploads\/2024\/03\/geschnetzeltes02.jpg\"><img loading=\"lazy\" decoding=\"async\" width=\"1024\" height=\"768\" data-id=\"1889\" src=\"https:\/\/spatzji.ch\/wp-content\/uploads\/2024\/03\/geschnetzeltes02.jpg\" alt=\"\" class=\"wp-image-1889\" srcset=\"https:\/\/spatzji.ch\/wp-content\/uploads\/2024\/03\/geschnetzeltes02.jpg 1024w, https:\/\/spatzji.ch\/wp-content\/uploads\/2024\/03\/geschnetzeltes02-300x225.jpg 300w, https:\/\/spatzji.ch\/wp-content\/uploads\/2024\/03\/geschnetzeltes02-768x576.jpg 768w\" sizes=\"auto, (max-width: 1024px) 100vw, 1024px\" \/><\/a><\/figure>\n\n\n\n<figure class=\"wp-block-image size-large\"><a href=\"https:\/\/spatzji.ch\/wp-content\/uploads\/2024\/03\/geschnetzeltes-2-scaled.jpg\"><img loading=\"lazy\" decoding=\"async\" width=\"768\" height=\"1024\" data-id=\"1891\" src=\"https:\/\/spatzji.ch\/wp-content\/uploads\/2024\/03\/geschnetzeltes-2-768x1024.jpg\" alt=\"\" class=\"wp-image-1891\" srcset=\"https:\/\/spatzji.ch\/wp-content\/uploads\/2024\/03\/geschnetzeltes-2-768x1024.jpg 768w, https:\/\/spatzji.ch\/wp-content\/uploads\/2024\/03\/geschnetzeltes-2-225x300.jpg 225w, https:\/\/spatzji.ch\/wp-content\/uploads\/2024\/03\/geschnetzeltes-2-1152x1536.jpg 1152w, https:\/\/spatzji.ch\/wp-content\/uploads\/2024\/03\/geschnetzeltes-2-1536x2048.jpg 1536w, https:\/\/spatzji.ch\/wp-content\/uploads\/2024\/03\/geschnetzeltes-2-scaled.jpg 1920w\" sizes=\"auto, (max-width: 768px) 100vw, 768px\" \/><\/a><\/figure>\n\n\n\n<figure class=\"wp-block-image size-full\"><a href=\"https:\/\/spatzji.ch\/wp-content\/uploads\/2024\/03\/geschnetzeltes04.jpg\"><img loading=\"lazy\" decoding=\"async\" width=\"1024\" height=\"768\" data-id=\"1892\" src=\"https:\/\/spatzji.ch\/wp-content\/uploads\/2024\/03\/geschnetzeltes04.jpg\" alt=\"\" class=\"wp-image-1892\" srcset=\"https:\/\/spatzji.ch\/wp-content\/uploads\/2024\/03\/geschnetzeltes04.jpg 1024w, https:\/\/spatzji.ch\/wp-content\/uploads\/2024\/03\/geschnetzeltes04-300x225.jpg 300w, https:\/\/spatzji.ch\/wp-content\/uploads\/2024\/03\/geschnetzeltes04-768x576.jpg 768w\" sizes=\"auto, (max-width: 1024px) 100vw, 1024px\" \/><\/a><\/figure>\n<\/figure>\n\n\n\n<p class=\"has-text-align-right\"><a href=\"javascript:history.back()\">Zur\u00fcck<\/a><\/p>\n","protected":false},"excerpt":{"rendered":"<p>Zutaten Zubereitung Die Zwiebeln anschwitzen. Geschnetzeltes hinzugeben und gr\u00fcndlich anbraten. Die Karottenst\u00fccke hinzugeben und mit anbraten. Alles mit Mehl best\u00e4uben und anbraten. Mit wenig Essig und reichlich Weisswein abl\u00f6schen. Mit Wasser und gek\u00f6rnter Br\u00fche bedecken.ca. 2h auf kleiner Flamme k\u00f6cheln. Mit den \u00abL\u00e4tschini\u00bb vermengen und geniessen. Tipps und Tricks Am Schluss bis zur Saucens\u00e4migkeit einkochen. [&hellip;]<\/p>\n","protected":false},"author":1,"featured_media":1887,"parent":0,"menu_order":0,"comment_status":"closed","ping_status":"closed","template":"","meta":{"ngg_post_thumbnail":0,"footnotes":""},"class_list":["post-1886","page","type-page","status-publish","has-post-thumbnail","hentry"],"_links":{"self":[{"href":"https:\/\/spatzji.ch\/index.php?rest_route=\/wp\/v2\/pages\/1886","targetHints":{"allow":["GET"]}}],"collection":[{"href":"https:\/\/spatzji.ch\/index.php?rest_route=\/wp\/v2\/pages"}],"about":[{"href":"https:\/\/spatzji.ch\/index.php?rest_route=\/wp\/v2\/types\/page"}],"author":[{"embeddable":true,"href":"https:\/\/spatzji.ch\/index.php?rest_route=\/wp\/v2\/users\/1"}],"replies":[{"embeddable":true,"href":"https:\/\/spatzji.ch\/index.php?rest_route=%2Fwp%2Fv2%2Fcomments&post=1886"}],"version-history":[{"count":6,"href":"https:\/\/spatzji.ch\/index.php?rest_route=\/wp\/v2\/pages\/1886\/revisions"}],"predecessor-version":[{"id":1900,"href":"https:\/\/spatzji.ch\/index.php?rest_route=\/wp\/v2\/pages\/1886\/revisions\/1900"}],"wp:featuredmedia":[{"embeddable":true,"href":"https:\/\/spatzji.ch\/index.php?rest_route=\/wp\/v2\/media\/1887"}],"wp:attachment":[{"href":"https:\/\/spatzji.ch\/index.php?rest_route=%2Fwp%2Fv2%2Fmedia&parent=1886"}],"curies":[{"name":"wp","href":"https:\/\/api.w.org\/{rel}","templated":true}]}}