{"id":1584,"date":"2024-02-09T16:24:24","date_gmt":"2024-02-09T16:24:24","guid":{"rendered":"https:\/\/spatzji.ch\/?page_id=1584"},"modified":"2024-02-16T17:00:27","modified_gmt":"2024-02-16T17:00:27","slug":"curly-fries","status":"publish","type":"page","link":"https:\/\/spatzji.ch\/?page_id=1584","title":{"rendered":"Curly Fries"},"content":{"rendered":"\n<figure class=\"wp-block-image size-full\"><img loading=\"lazy\" decoding=\"async\" width=\"2319\" height=\"2316\" src=\"https:\/\/spatzji.ch\/wp-content\/uploads\/2024\/02\/Curly_Fries-2.png\" alt=\"\" class=\"wp-image-1585\" srcset=\"https:\/\/spatzji.ch\/wp-content\/uploads\/2024\/02\/Curly_Fries-2.png 2319w, https:\/\/spatzji.ch\/wp-content\/uploads\/2024\/02\/Curly_Fries-2-300x300.png 300w, https:\/\/spatzji.ch\/wp-content\/uploads\/2024\/02\/Curly_Fries-2-1024x1024.png 1024w, https:\/\/spatzji.ch\/wp-content\/uploads\/2024\/02\/Curly_Fries-2-150x150.png 150w, https:\/\/spatzji.ch\/wp-content\/uploads\/2024\/02\/Curly_Fries-2-768x767.png 768w, https:\/\/spatzji.ch\/wp-content\/uploads\/2024\/02\/Curly_Fries-2-1536x1534.png 1536w, https:\/\/spatzji.ch\/wp-content\/uploads\/2024\/02\/Curly_Fries-2-2048x2045.png 2048w\" sizes=\"auto, (max-width: 2319px) 100vw, 2319px\" \/><\/figure>\n\n\n\n<h2 class=\"wp-block-heading\">Zutaten<\/h2>\n\n\n\n<ul class=\"has-black-color has-text-color has-link-color wp-block-list wp-elements-fd446d594f70c70bcaadb3a6053fb803\">\n<li>Kartoffeln<\/li>\n\n\n\n<li>Mehl<\/li>\n\n\n\n<li>1 Ei<\/li>\n\n\n\n<li>Paprikapulver<\/li>\n\n\n\n<li>Salz<\/li>\n<\/ul>\n\n\n\n<h2 class=\"wp-block-heading\">Zubereitung<\/h2>\n\n\n\n<ul class=\"has-black-color has-text-color has-link-color wp-block-list wp-elements-06dbb968c5a4e54a51a5dd0e929e9363\">\n<li>Kartoffel unten und oben flach abschneiden. (NICHT sch\u00e4len)<\/li>\n\n\n\n<li>Anschliessend mit einem Spiralenschneider (siehe Tipps und Bilder) in Spiralen schneiden.<\/li>\n\n\n\n<li>Jetzt  sch\u00e4len und die Aussenh\u00fclle manuell in Spiralen schneiden<\/li>\n\n\n\n<li>1\/2h in ein Wasserbad geben und anschliessend in einem Tuch trocknen.<\/li>\n\n\n\n<li>Ei, Mehl (wenig) verquirlen.<\/li>\n\n\n\n<li>Die Kartoffel hinzugeben und darin baden. <\/li>\n\n\n\n<li>Auf ein Blech verteilen und mit Paprikapulver bestreuen.<\/li>\n\n\n\n<li>In den vorgeheizten Ofen (225 \u00b0 ober\/unter Hitze) geben.<\/li>\n\n\n\n<li>Nach 20-25 min noch 5 min mit Umluft knusprig backen.<\/li>\n<\/ul>\n\n\n\n<h2 class=\"wp-block-heading\">Tipps und Tricks<\/h2>\n\n\n\n<ul class=\"has-black-color has-text-color has-link-color wp-block-list wp-elements-cd0a17870df66e6ed38633f7823cd77c\">\n<li><a href=\"https:\/\/www.galaxus.ch\/de\/s2\/product\/lurch-gemuese-twister-5teilig-kuechenreibe-3519537\">Lurch Gem\u00fcse Twister<\/a> (Spiralenschneider siehe Bild)<\/li>\n\n\n\n<li>Spiralen vor dem Backen manuell etwas auseinander ziehen. <\/li>\n\n\n\n<li>Aussenh\u00fclle kann auch am Vortag als Fondue Kartoffel verwendet werden. <a href=\"https:\/\/spatzji.ch\/?page_id=1646\" data-type=\"page\" data-id=\"1646\">Link<\/a><\/li>\n<\/ul>\n\n\n\n<p><\/p>\n\n\n\n<h2 class=\"wp-block-heading\">Fazit<\/h2>\n\n\n\n<p class=\"has-black-color has-text-color has-link-color wp-elements-da95ec25c8d70fd264b17e3c71b42d17\">Da ohne \u00d6l zubereitet&#8230;recht lecker.<\/p>\n\n\n\n<h2 class=\"wp-block-heading\">Originalrezept<\/h2>\n\n\n\n<p class=\"has-black-color has-text-color has-link-color wp-elements-f5700cb678c7d3014c55d6aa302719fb\">Hier geht es zum Originalrezept (Frag Mutti). <a href=\"https:\/\/spatzji.ch\/wp-content\/uploads\/2024\/02\/Curly_Fries.pdf\" data-type=\"attachment\" data-id=\"1601\">Link<\/a><\/p>\n\n\n\n<h2 class=\"wp-block-heading\">Variante<\/h2>\n\n\n\n<p class=\"has-black-color has-text-color has-link-color wp-elements-b7e7a1abcc591d2366086065d22f1001\">Curly Fries k\u00f6nnen nat\u00fcrlich auch fritiert werden.<\/p>\n\n\n\n<h2 class=\"wp-block-heading\">Rezept Videos<\/h2>\n\n\n\n<p class=\"has-black-color has-text-color has-link-color wp-elements-4b2fc126f15f6db5763ea613e8478f30\">Hier geht es&nbsp;zum Rezept Video. Link<\/p>\n\n\n\n<h2 class=\"wp-block-heading\">Rezept Fotos<\/h2>\n\n\n\n<figure class=\"wp-block-gallery has-nested-images columns-1 is-cropped wp-block-gallery-1 is-layout-flex wp-block-gallery-is-layout-flex\">\n<figure class=\"wp-block-image size-large\"><a href=\"https:\/\/spatzji.ch\/wp-content\/uploads\/2024\/02\/Curly_Fries-1-scaled.jpg\"><img loading=\"lazy\" decoding=\"async\" width=\"768\" height=\"1024\" data-id=\"1587\" src=\"https:\/\/spatzji.ch\/wp-content\/uploads\/2024\/02\/Curly_Fries-1-768x1024.jpg\" alt=\"\" class=\"wp-image-1587\" srcset=\"https:\/\/spatzji.ch\/wp-content\/uploads\/2024\/02\/Curly_Fries-1-768x1024.jpg 768w, https:\/\/spatzji.ch\/wp-content\/uploads\/2024\/02\/Curly_Fries-1-225x300.jpg 225w, https:\/\/spatzji.ch\/wp-content\/uploads\/2024\/02\/Curly_Fries-1-1152x1536.jpg 1152w, https:\/\/spatzji.ch\/wp-content\/uploads\/2024\/02\/Curly_Fries-1-1536x2048.jpg 1536w, https:\/\/spatzji.ch\/wp-content\/uploads\/2024\/02\/Curly_Fries-1-scaled.jpg 1920w\" sizes=\"auto, (max-width: 768px) 100vw, 768px\" \/><\/a><\/figure>\n\n\n\n<figure class=\"wp-block-image size-large\"><a href=\"https:\/\/spatzji.ch\/wp-content\/uploads\/2024\/02\/Curly_Fries-2-scaled.jpg\"><img loading=\"lazy\" decoding=\"async\" width=\"768\" height=\"1024\" data-id=\"1589\" src=\"https:\/\/spatzji.ch\/wp-content\/uploads\/2024\/02\/Curly_Fries-2-768x1024.jpg\" alt=\"\" class=\"wp-image-1589\" srcset=\"https:\/\/spatzji.ch\/wp-content\/uploads\/2024\/02\/Curly_Fries-2-768x1024.jpg 768w, https:\/\/spatzji.ch\/wp-content\/uploads\/2024\/02\/Curly_Fries-2-225x300.jpg 225w, https:\/\/spatzji.ch\/wp-content\/uploads\/2024\/02\/Curly_Fries-2-1152x1536.jpg 1152w, https:\/\/spatzji.ch\/wp-content\/uploads\/2024\/02\/Curly_Fries-2-1536x2048.jpg 1536w, https:\/\/spatzji.ch\/wp-content\/uploads\/2024\/02\/Curly_Fries-2-scaled.jpg 1920w\" sizes=\"auto, (max-width: 768px) 100vw, 768px\" \/><\/a><\/figure>\n\n\n\n<figure class=\"wp-block-image size-large\"><a href=\"https:\/\/spatzji.ch\/wp-content\/uploads\/2024\/02\/Curly_Fries-3-scaled.jpg\"><img loading=\"lazy\" decoding=\"async\" width=\"768\" height=\"1024\" data-id=\"1590\" src=\"https:\/\/spatzji.ch\/wp-content\/uploads\/2024\/02\/Curly_Fries-3-768x1024.jpg\" alt=\"\" class=\"wp-image-1590\" srcset=\"https:\/\/spatzji.ch\/wp-content\/uploads\/2024\/02\/Curly_Fries-3-768x1024.jpg 768w, https:\/\/spatzji.ch\/wp-content\/uploads\/2024\/02\/Curly_Fries-3-225x300.jpg 225w, https:\/\/spatzji.ch\/wp-content\/uploads\/2024\/02\/Curly_Fries-3-1152x1536.jpg 1152w, https:\/\/spatzji.ch\/wp-content\/uploads\/2024\/02\/Curly_Fries-3-1536x2048.jpg 1536w, https:\/\/spatzji.ch\/wp-content\/uploads\/2024\/02\/Curly_Fries-3-scaled.jpg 1920w\" sizes=\"auto, (max-width: 768px) 100vw, 768px\" \/><\/a><\/figure>\n\n\n\n<figure class=\"wp-block-image size-large\"><img loading=\"lazy\" decoding=\"async\" width=\"768\" height=\"1024\" data-id=\"1591\" src=\"https:\/\/spatzji.ch\/wp-content\/uploads\/2024\/02\/Curly_Fries-5-768x1024.jpg\" alt=\"\" class=\"wp-image-1591\" srcset=\"https:\/\/spatzji.ch\/wp-content\/uploads\/2024\/02\/Curly_Fries-5-768x1024.jpg 768w, https:\/\/spatzji.ch\/wp-content\/uploads\/2024\/02\/Curly_Fries-5-225x300.jpg 225w, https:\/\/spatzji.ch\/wp-content\/uploads\/2024\/02\/Curly_Fries-5-1152x1536.jpg 1152w, https:\/\/spatzji.ch\/wp-content\/uploads\/2024\/02\/Curly_Fries-5-1536x2048.jpg 1536w, https:\/\/spatzji.ch\/wp-content\/uploads\/2024\/02\/Curly_Fries-5-scaled.jpg 1920w\" sizes=\"auto, (max-width: 768px) 100vw, 768px\" \/><\/figure>\n<\/figure>\n\n\n\n<p class=\"has-text-align-right\"><a href=\"javascript:history.back()\">Zur\u00fcck<\/a><\/p>\n","protected":false},"excerpt":{"rendered":"<p>Zutaten Zubereitung Tipps und Tricks Fazit Da ohne \u00d6l zubereitet&#8230;recht lecker. Originalrezept Hier geht es zum Originalrezept (Frag Mutti). Link Variante Curly Fries k\u00f6nnen nat\u00fcrlich auch fritiert werden. Rezept Videos Hier geht es&nbsp;zum Rezept Video. Link Rezept Fotos Zur\u00fcck<\/p>\n","protected":false},"author":1,"featured_media":1585,"parent":0,"menu_order":0,"comment_status":"closed","ping_status":"closed","template":"","meta":{"ngg_post_thumbnail":0,"footnotes":""},"class_list":["post-1584","page","type-page","status-publish","has-post-thumbnail","hentry"],"_links":{"self":[{"href":"https:\/\/spatzji.ch\/index.php?rest_route=\/wp\/v2\/pages\/1584","targetHints":{"allow":["GET"]}}],"collection":[{"href":"https:\/\/spatzji.ch\/index.php?rest_route=\/wp\/v2\/pages"}],"about":[{"href":"https:\/\/spatzji.ch\/index.php?rest_route=\/wp\/v2\/types\/page"}],"author":[{"embeddable":true,"href":"https:\/\/spatzji.ch\/index.php?rest_route=\/wp\/v2\/users\/1"}],"replies":[{"embeddable":true,"href":"https:\/\/spatzji.ch\/index.php?rest_route=%2Fwp%2Fv2%2Fcomments&post=1584"}],"version-history":[{"count":8,"href":"https:\/\/spatzji.ch\/index.php?rest_route=\/wp\/v2\/pages\/1584\/revisions"}],"predecessor-version":[{"id":1662,"href":"https:\/\/spatzji.ch\/index.php?rest_route=\/wp\/v2\/pages\/1584\/revisions\/1662"}],"wp:featuredmedia":[{"embeddable":true,"href":"https:\/\/spatzji.ch\/index.php?rest_route=\/wp\/v2\/media\/1585"}],"wp:attachment":[{"href":"https:\/\/spatzji.ch\/index.php?rest_route=%2Fwp%2Fv2%2Fmedia&parent=1584"}],"curies":[{"name":"wp","href":"https:\/\/api.w.org\/{rel}","templated":true}]}}