{"id":1539,"date":"2024-02-06T14:07:54","date_gmt":"2024-02-06T14:07:54","guid":{"rendered":"https:\/\/spatzji.ch\/?page_id=1539"},"modified":"2024-03-12T14:19:15","modified_gmt":"2024-03-12T14:19:15","slug":"lamm-am-stiel-sous-vide","status":"publish","type":"page","link":"https:\/\/spatzji.ch\/?page_id=1539","title":{"rendered":"Lamm am Stiel (sous vide)"},"content":{"rendered":"\n<figure class=\"wp-block-image size-full\"><img loading=\"lazy\" decoding=\"async\" width=\"1969\" height=\"3127\" src=\"https:\/\/spatzji.ch\/wp-content\/uploads\/2024\/02\/Lamm-am-Stiel_sous_Vide-1.png\" alt=\"\" class=\"wp-image-1541\" srcset=\"https:\/\/spatzji.ch\/wp-content\/uploads\/2024\/02\/Lamm-am-Stiel_sous_Vide-1.png 1969w, https:\/\/spatzji.ch\/wp-content\/uploads\/2024\/02\/Lamm-am-Stiel_sous_Vide-1-189x300.png 189w, https:\/\/spatzji.ch\/wp-content\/uploads\/2024\/02\/Lamm-am-Stiel_sous_Vide-1-645x1024.png 645w, https:\/\/spatzji.ch\/wp-content\/uploads\/2024\/02\/Lamm-am-Stiel_sous_Vide-1-768x1220.png 768w, https:\/\/spatzji.ch\/wp-content\/uploads\/2024\/02\/Lamm-am-Stiel_sous_Vide-1-967x1536.png 967w, https:\/\/spatzji.ch\/wp-content\/uploads\/2024\/02\/Lamm-am-Stiel_sous_Vide-1-1290x2048.png 1290w\" sizes=\"auto, (max-width: 1969px) 100vw, 1969px\" \/><\/figure>\n\n\n\n<h2 class=\"wp-block-heading\">Zutaten<\/h2>\n\n\n\n<ul class=\"has-black-color has-text-color has-link-color wp-block-list wp-elements-23c3fc4c278c297620720bdf164468e9\">\n<li>Lammkotelett 2 am St\u00fcck<\/li>\n\n\n\n<li>Butter<\/li>\n\n\n\n<li>Knoblauch Zehe<\/li>\n\n\n\n<li>Rosemarin Zweig<\/li>\n\n\n\n<li>Grillschnur<\/li>\n\n\n\n<li>Salz, Pfeffer, Fleischgew\u00fcrz, <a href=\"https:\/\/spatzji.ch\/?page_id=1219\" data-type=\"page\" data-id=\"1219\">Millas Granate<\/a> (Peperoncini \u00d6l)<\/li>\n<\/ul>\n\n\n\n<h2 class=\"wp-block-heading\">Zubereitung<\/h2>\n\n\n\n<ul class=\"has-black-color has-text-color has-link-color wp-block-list wp-elements-cff3c8a50d30099427292786f189cfa3\">\n<li>Lamm am Knochen \u00f6ffnen.  Fett UNBEDINGT dranlassen!!! <img loading=\"lazy\" decoding=\"async\" width=\"5\" height=\"5\" src=\"\">Lamm mit der der Marinade f\u00fcllen. (Butter, Knoblauchzehen, Peperoncini \u00d6l, Rosemarin Zweig, Salz, Pfeffer, Fleischgew\u00fcrz)<\/li>\n\n\n\n<li>Lamm mit der Grillschnur zusammenbinden. <\/li>\n\n\n\n<li>Lamm vakuumieren und im Wasserbad 60 min. bei 57\u00b0C vorw\u00e4rmen.<\/li>\n\n\n\n<li>Anschliessend auf dem Grill oder Grillpfanne fertig grillieren.<\/li>\n<\/ul>\n\n\n\n<h2 class=\"wp-block-heading\">Tipps und Tricks<\/h2>\n\n\n\n<ul class=\"has-black-color has-text-color has-link-color wp-block-list wp-elements-cdae919bc43fb8264da844f528dee5b0\">\n<li>2 Paare f\u00fcr 1 Person sind ok&#8230;.dh bei grossen Koteletten.<\/li>\n\n\n\n<li>Passt sensationell zu Pastis Kartoffeln<a href=\"https:\/\/spatzji.ch\/?page_id=1553\" data-type=\"page\" data-id=\"1553\"> Link<\/a><\/li>\n<\/ul>\n\n\n\n<h2 class=\"wp-block-heading\">Fazit<\/h2>\n\n\n\n<p class=\"has-black-color has-text-color has-link-color wp-elements-4e05dcf6470b6893a5d1eebb9a534c8b\">Wirklich SENSATIONELL!!<\/p>\n\n\n\n<h2 class=\"wp-block-heading\">Originalrezept<\/h2>\n\n\n\n<p class=\"has-black-color has-text-color has-link-color wp-elements-69d38b434432998346c8b1c75b9dd28e\">Hier geht es zum Originalrezept . Link<\/p>\n\n\n\n<h2 class=\"wp-block-heading\">Variante<\/h2>\n\n\n\n<p class=\"has-black-color has-text-color has-link-color wp-elements-feeaa6b753f52459a9d8fdd5048522f7\">Sehen Sie eine weitere Variante zu diesem Rezept. Link<\/p>\n\n\n\n<p class=\"has-black-color has-text-color has-link-color wp-elements-9ac00cf961d1ea846fe5a532228b76c6\"><\/p>\n\n\n\n<h2 class=\"wp-block-heading\">Rezept Videos<\/h2>\n\n\n\n<p class=\"has-black-color has-text-color has-link-color wp-elements-4b2fc126f15f6db5763ea613e8478f30\">Hier geht es&nbsp;zum Rezept Video. Link<\/p>\n\n\n\n<h2 class=\"wp-block-heading\">Rezept Fotos<\/h2>\n\n\n\n<figure class=\"wp-block-gallery has-nested-images columns-1 is-cropped wp-block-gallery-1 is-layout-flex wp-block-gallery-is-layout-flex\">\n<figure class=\"wp-block-image size-large\"><img loading=\"lazy\" decoding=\"async\" width=\"1024\" height=\"714\" data-id=\"1546\" src=\"https:\/\/spatzji.ch\/wp-content\/uploads\/2024\/02\/Lamm-am-Stiel_sous_Vide-2-1024x714.png\" alt=\"\" class=\"wp-image-1546\" srcset=\"https:\/\/spatzji.ch\/wp-content\/uploads\/2024\/02\/Lamm-am-Stiel_sous_Vide-2-1024x714.png 1024w, https:\/\/spatzji.ch\/wp-content\/uploads\/2024\/02\/Lamm-am-Stiel_sous_Vide-2-300x209.png 300w, https:\/\/spatzji.ch\/wp-content\/uploads\/2024\/02\/Lamm-am-Stiel_sous_Vide-2-768x535.png 768w, https:\/\/spatzji.ch\/wp-content\/uploads\/2024\/02\/Lamm-am-Stiel_sous_Vide-2-1536x1071.png 1536w, https:\/\/spatzji.ch\/wp-content\/uploads\/2024\/02\/Lamm-am-Stiel_sous_Vide-2-2048x1428.png 2048w, https:\/\/spatzji.ch\/wp-content\/uploads\/2024\/02\/Lamm-am-Stiel_sous_Vide-2-330x230.png 330w\" sizes=\"auto, (max-width: 1024px) 100vw, 1024px\" \/><\/figure>\n\n\n\n<figure class=\"wp-block-image size-large\"><img loading=\"lazy\" decoding=\"async\" width=\"1024\" height=\"576\" data-id=\"1356\" src=\"https:\/\/spatzji.ch\/wp-content\/uploads\/2024\/01\/Lamm-am-Stiel06-1024x576.jpg\" alt=\"\" class=\"wp-image-1356\" srcset=\"https:\/\/spatzji.ch\/wp-content\/uploads\/2024\/01\/Lamm-am-Stiel06-1024x576.jpg 1024w, https:\/\/spatzji.ch\/wp-content\/uploads\/2024\/01\/Lamm-am-Stiel06-300x169.jpg 300w, https:\/\/spatzji.ch\/wp-content\/uploads\/2024\/01\/Lamm-am-Stiel06-768x432.jpg 768w, https:\/\/spatzji.ch\/wp-content\/uploads\/2024\/01\/Lamm-am-Stiel06-1536x864.jpg 1536w, https:\/\/spatzji.ch\/wp-content\/uploads\/2024\/01\/Lamm-am-Stiel06-2048x1152.jpg 2048w\" sizes=\"auto, (max-width: 1024px) 100vw, 1024px\" \/><\/figure>\n\n\n\n<figure class=\"wp-block-image size-large\"><img loading=\"lazy\" decoding=\"async\" width=\"768\" height=\"1024\" data-id=\"1545\" src=\"https:\/\/spatzji.ch\/wp-content\/uploads\/2024\/02\/Lamm-am-Stiel_sous_Vide-1-768x1024.jpg\" alt=\"\" class=\"wp-image-1545\" srcset=\"https:\/\/spatzji.ch\/wp-content\/uploads\/2024\/02\/Lamm-am-Stiel_sous_Vide-1-768x1024.jpg 768w, https:\/\/spatzji.ch\/wp-content\/uploads\/2024\/02\/Lamm-am-Stiel_sous_Vide-1-225x300.jpg 225w, https:\/\/spatzji.ch\/wp-content\/uploads\/2024\/02\/Lamm-am-Stiel_sous_Vide-1-1152x1536.jpg 1152w, https:\/\/spatzji.ch\/wp-content\/uploads\/2024\/02\/Lamm-am-Stiel_sous_Vide-1-1536x2048.jpg 1536w, https:\/\/spatzji.ch\/wp-content\/uploads\/2024\/02\/Lamm-am-Stiel_sous_Vide-1-scaled.jpg 1920w\" sizes=\"auto, (max-width: 768px) 100vw, 768px\" \/><\/figure>\n<\/figure>\n\n\n\n<p class=\"has-text-align-right\"><a href=\"javascript:history.back()\">Zur\u00fcck<\/a><\/p>\n","protected":false},"excerpt":{"rendered":"<p>Zutaten Zubereitung Tipps und Tricks Fazit Wirklich SENSATIONELL!! Originalrezept Hier geht es zum Originalrezept . Link Variante Sehen Sie eine weitere Variante zu diesem Rezept. Link Rezept Videos Hier geht es&nbsp;zum Rezept Video. Link Rezept Fotos Zur\u00fcck<\/p>\n","protected":false},"author":1,"featured_media":1549,"parent":0,"menu_order":0,"comment_status":"closed","ping_status":"closed","template":"","meta":{"ngg_post_thumbnail":0,"footnotes":""},"class_list":["post-1539","page","type-page","status-publish","has-post-thumbnail","hentry"],"_links":{"self":[{"href":"https:\/\/spatzji.ch\/index.php?rest_route=\/wp\/v2\/pages\/1539","targetHints":{"allow":["GET"]}}],"collection":[{"href":"https:\/\/spatzji.ch\/index.php?rest_route=\/wp\/v2\/pages"}],"about":[{"href":"https:\/\/spatzji.ch\/index.php?rest_route=\/wp\/v2\/types\/page"}],"author":[{"embeddable":true,"href":"https:\/\/spatzji.ch\/index.php?rest_route=\/wp\/v2\/users\/1"}],"replies":[{"embeddable":true,"href":"https:\/\/spatzji.ch\/index.php?rest_route=%2Fwp%2Fv2%2Fcomments&post=1539"}],"version-history":[{"count":7,"href":"https:\/\/spatzji.ch\/index.php?rest_route=\/wp\/v2\/pages\/1539\/revisions"}],"predecessor-version":[{"id":1844,"href":"https:\/\/spatzji.ch\/index.php?rest_route=\/wp\/v2\/pages\/1539\/revisions\/1844"}],"wp:featuredmedia":[{"embeddable":true,"href":"https:\/\/spatzji.ch\/index.php?rest_route=\/wp\/v2\/media\/1549"}],"wp:attachment":[{"href":"https:\/\/spatzji.ch\/index.php?rest_route=%2Fwp%2Fv2%2Fmedia&parent=1539"}],"curies":[{"name":"wp","href":"https:\/\/api.w.org\/{rel}","templated":true}]}}