{"id":1468,"date":"2024-01-22T14:58:07","date_gmt":"2024-01-22T14:58:07","guid":{"rendered":"https:\/\/spatzji.ch\/?page_id=1468"},"modified":"2024-01-31T16:54:49","modified_gmt":"2024-01-31T16:54:49","slug":"rindsbraten-gespickt","status":"publish","type":"page","link":"https:\/\/spatzji.ch\/?page_id=1468","title":{"rendered":"Rindsbraten gespickt"},"content":{"rendered":"\n<figure class=\"wp-block-image size-full\"><img loading=\"lazy\" decoding=\"async\" width=\"2517\" height=\"2302\" src=\"https:\/\/spatzji.ch\/wp-content\/uploads\/2024\/01\/Rindsbraten_gespickt01-1.png\" alt=\"\" class=\"wp-image-1469\" srcset=\"https:\/\/spatzji.ch\/wp-content\/uploads\/2024\/01\/Rindsbraten_gespickt01-1.png 2517w, https:\/\/spatzji.ch\/wp-content\/uploads\/2024\/01\/Rindsbraten_gespickt01-1-300x274.png 300w, https:\/\/spatzji.ch\/wp-content\/uploads\/2024\/01\/Rindsbraten_gespickt01-1-1024x937.png 1024w, https:\/\/spatzji.ch\/wp-content\/uploads\/2024\/01\/Rindsbraten_gespickt01-1-768x702.png 768w, https:\/\/spatzji.ch\/wp-content\/uploads\/2024\/01\/Rindsbraten_gespickt01-1-1536x1405.png 1536w, https:\/\/spatzji.ch\/wp-content\/uploads\/2024\/01\/Rindsbraten_gespickt01-1-2048x1873.png 2048w\" sizes=\"auto, (max-width: 2517px) 100vw, 2517px\" \/><\/figure>\n\n\n\n<h2 class=\"wp-block-heading\">Zutaten<\/h2>\n\n\n\n<p class=\"has-black-color has-text-color has-link-color wp-elements-2fe08bee78c9425a0414ef4f4c90fb31\">Rindsbraten gespickt<\/p>\n\n\n\n<h2 class=\"wp-block-heading\">Marinade<\/h2>\n\n\n\n<ul class=\"has-black-color has-text-color has-link-color wp-block-list wp-elements-7a8722cb96fab7b353554f341ffaa9ee\">\n<li>Salz<\/li>\n\n\n\n<li>Pfeffer<\/li>\n\n\n\n<li>Fleischgew\u00fcrz<\/li>\n\n\n\n<li>Peperoncini \u00f6l<\/li>\n\n\n\n<li>Butter<\/li>\n\n\n\n<li>Honig<\/li>\n\n\n\n<li>Curry\/Paprika<\/li>\n<\/ul>\n\n\n\n<h2 class=\"wp-block-heading\">Zubereitung Fleisch<\/h2>\n\n\n\n<p class=\"has-black-color has-text-color has-link-color wp-elements-bfda8a26cccae76f08dd9e88ee73f593\" style=\"line-height:0.1\">Rindsbraten am Spies befestigen und mit folgendem Programm starten.<\/p>\n\n\n\n<p class=\"has-black-color has-text-color has-link-color wp-elements-e6f223cb0760b5caf1347e5d7453899f\" style=\"line-height:0.1\">Zartgaren mit Grill &#8211; Rinds Schulter &#8211; Starke Br\u00e4unung<\/p>\n\n\n\n<p class=\"has-black-color has-text-color has-link-color wp-elements-9f2ad84d805b8b6a55bfe5a93e45da4b\" style=\"line-height:0.1\">Rindsbraten gespickt am Vorabend programmieren. Programm dauert &gt; 4h<\/p>\n\n\n\n<p class=\"has-black-color has-text-color has-link-color wp-elements-c5dd813cbfee91e9ef9ae05f7c7d0f6d\" style=\"line-height:0.1\">Dh. Kerntemperatur 80\u00b0C<\/p>\n\n\n\n<p class=\"has-black-color has-text-color has-link-color wp-elements-313effc2c10bb8e2940a0e9026bf43c6\" style=\"line-height:0.1\">Servieren mit einer Zwetschensauce:<\/p>\n\n\n\n<p class=\"has-black-color has-text-color has-link-color wp-elements-5e968ae562cef730aa00fe50dd3d325e\" style=\"line-height:0.1\">Zwetschgen &#8211; &gt; Alti Zw\u00e4tschga Link<\/p>\n\n\n\n<p class=\"has-black-color has-text-color has-link-color wp-elements-e842eefeee0d4b8b545f6739d8e53af9\" style=\"line-height:0.1\">Eine Zwiebel and\u00fcnsten und mit herk\u00f6mmlicher Bratensauce vermischen. (Dick)<\/p>\n\n\n\n<p class=\"has-black-color has-text-color has-link-color wp-elements-c1cd6a667b2c4d76afb24f23bb79d97e\" style=\"line-height:0.1\">Kurz vor dem servieren, Bratensatz, Zwetschgen und den Rest &#8222;alter Zw\u00e4tschga&#8220; zur Sauce geben.<\/p>\n\n\n\n<h2 class=\"wp-block-heading\">Zubereitung Kartoffeln<\/h2>\n\n\n\n<p class=\"has-black-color has-text-color has-link-color wp-elements-d8d4891df8359967fc68dc4240ce3d2d\" style=\"line-height:0.1\">Kartoffel mit einem Wellenschneider passend schneiden. Mit \u00d6l vermengen und auf der Backmatte verteilen.(Siehe Bild) <\/p>\n\n\n\n<p class=\"has-black-color has-text-color has-link-color wp-elements-825b951fc8586c29a440606bc24f4737\" style=\"line-height:0.1\">Mit Paprika bestreuen und im CombiSteam mit dem Programm &lt;country potatoes&gt; 30!! min backen.<\/p>\n\n\n\n<h2 class=\"wp-block-heading\">Tipps und Tricks<\/h2>\n\n\n\n<p class=\"has-black-color has-text-color has-link-color wp-elements-90905c4712178333ca8697e2294c883f\" style=\"line-height:0.1\">Zwetschen der Alten Zw\u00e4tschga ist ein MUSS! <\/p>\n\n\n\n<p class=\"has-black-color has-text-color has-link-color wp-elements-68021d593e5f52316e0166bb7711f7f6\" style=\"line-height:0.1\">Vom Metzger reichhaltig spicken lassen. Je mehr je besser!<\/p>\n\n\n\n<h2 class=\"wp-block-heading\">Fazit<\/h2>\n\n\n\n<p class=\"has-black-color has-text-color has-link-color wp-elements-37fc394f3e6b4479da4749940f9e303c\">1<\/p>\n\n\n\n<h2 class=\"wp-block-heading\">Originalrezept<\/h2>\n\n\n\n<p class=\"has-black-color has-text-color has-link-color wp-elements-40b113f25ce3c6de83b47dc11b3b74e1\">Hier geht es zum Originalrezept. Link<\/p>\n\n\n\n<h2 class=\"wp-block-heading\">Variante<\/h2>\n\n\n\n<p class=\"has-black-color has-text-color has-link-color wp-elements-feeaa6b753f52459a9d8fdd5048522f7\">Sehen Sie eine weitere Variante zu diesem Rezept. Link<\/p>\n\n\n\n<p class=\"has-black-color has-text-color has-link-color wp-elements-39292cd0eecb6fcbc813a0a3adbe6b53\">pdf ex alte Home Page. <a href=\"https:\/\/spatzji.ch\/wp-content\/uploads\/2023\/11\/Rind_Rindsbraten-gespickt.pdf\" data-type=\"attachment\" data-id=\"146\">link<\/a><\/p>\n\n\n\n<h2 class=\"wp-block-heading\">Rezept Videos<\/h2>\n\n\n\n<p class=\"has-black-color has-text-color has-link-color wp-elements-4b2fc126f15f6db5763ea613e8478f30\">Hier geht es&nbsp;zum Rezept Video. Link<\/p>\n\n\n\n<h2 class=\"wp-block-heading\">Rezept Fotos<\/h2>\n\n\n\n<figure class=\"wp-block-gallery has-nested-images columns-1 is-cropped wp-block-gallery-1 is-layout-flex wp-block-gallery-is-layout-flex\">\n<figure class=\"wp-block-image size-large\"><a href=\"https:\/\/spatzji.ch\/wp-content\/uploads\/2024\/01\/Rindsbraten_gespickt01-2.png\"><img loading=\"lazy\" decoding=\"async\" width=\"1024\" height=\"449\" data-id=\"1472\" src=\"https:\/\/spatzji.ch\/wp-content\/uploads\/2024\/01\/Rindsbraten_gespickt01-2-1024x449.png\" alt=\"\" class=\"wp-image-1472\" srcset=\"https:\/\/spatzji.ch\/wp-content\/uploads\/2024\/01\/Rindsbraten_gespickt01-2-1024x449.png 1024w, https:\/\/spatzji.ch\/wp-content\/uploads\/2024\/01\/Rindsbraten_gespickt01-2-300x132.png 300w, https:\/\/spatzji.ch\/wp-content\/uploads\/2024\/01\/Rindsbraten_gespickt01-2-768x337.png 768w, https:\/\/spatzji.ch\/wp-content\/uploads\/2024\/01\/Rindsbraten_gespickt01-2.png 1087w\" sizes=\"auto, (max-width: 1024px) 100vw, 1024px\" \/><\/a><\/figure>\n\n\n\n<figure class=\"wp-block-image size-large\"><a href=\"https:\/\/spatzji.ch\/wp-content\/uploads\/2024\/01\/Rindsbraten_gespickt01-2-scaled.jpg\"><img loading=\"lazy\" decoding=\"async\" width=\"768\" height=\"1024\" data-id=\"1473\" src=\"https:\/\/spatzji.ch\/wp-content\/uploads\/2024\/01\/Rindsbraten_gespickt01-2-768x1024.jpg\" alt=\"\" class=\"wp-image-1473\" srcset=\"https:\/\/spatzji.ch\/wp-content\/uploads\/2024\/01\/Rindsbraten_gespickt01-2-768x1024.jpg 768w, https:\/\/spatzji.ch\/wp-content\/uploads\/2024\/01\/Rindsbraten_gespickt01-2-225x300.jpg 225w, https:\/\/spatzji.ch\/wp-content\/uploads\/2024\/01\/Rindsbraten_gespickt01-2-1152x1536.jpg 1152w, https:\/\/spatzji.ch\/wp-content\/uploads\/2024\/01\/Rindsbraten_gespickt01-2-1536x2048.jpg 1536w, https:\/\/spatzji.ch\/wp-content\/uploads\/2024\/01\/Rindsbraten_gespickt01-2-scaled.jpg 1920w\" sizes=\"auto, (max-width: 768px) 100vw, 768px\" \/><\/a><\/figure>\n\n\n\n<figure class=\"wp-block-image size-large\"><a href=\"https:\/\/spatzji.ch\/wp-content\/uploads\/2024\/01\/Rindsbraten_gespickt01-1-scaled.jpg\"><img loading=\"lazy\" decoding=\"async\" width=\"768\" height=\"1024\" data-id=\"1475\" src=\"https:\/\/spatzji.ch\/wp-content\/uploads\/2024\/01\/Rindsbraten_gespickt01-1-768x1024.jpg\" alt=\"\" class=\"wp-image-1475\" srcset=\"https:\/\/spatzji.ch\/wp-content\/uploads\/2024\/01\/Rindsbraten_gespickt01-1-768x1024.jpg 768w, https:\/\/spatzji.ch\/wp-content\/uploads\/2024\/01\/Rindsbraten_gespickt01-1-225x300.jpg 225w, https:\/\/spatzji.ch\/wp-content\/uploads\/2024\/01\/Rindsbraten_gespickt01-1-1152x1536.jpg 1152w, https:\/\/spatzji.ch\/wp-content\/uploads\/2024\/01\/Rindsbraten_gespickt01-1-1536x2048.jpg 1536w, https:\/\/spatzji.ch\/wp-content\/uploads\/2024\/01\/Rindsbraten_gespickt01-1-scaled.jpg 1920w\" sizes=\"auto, (max-width: 768px) 100vw, 768px\" \/><\/a><\/figure>\n<\/figure>\n\n\n\n<p class=\"has-text-align-right\"><a href=\"javascript:history.back()\">Zur\u00fcck<\/a><\/p>\n","protected":false},"excerpt":{"rendered":"<p>Zutaten Rindsbraten gespickt Marinade Zubereitung Fleisch Rindsbraten am Spies befestigen und mit folgendem Programm starten. Zartgaren mit Grill &#8211; Rinds Schulter &#8211; Starke Br\u00e4unung Rindsbraten gespickt am Vorabend programmieren. Programm dauert &gt; 4h Dh. Kerntemperatur 80\u00b0C Servieren mit einer Zwetschensauce: Zwetschgen &#8211; &gt; Alti Zw\u00e4tschga Link Eine Zwiebel and\u00fcnsten und mit herk\u00f6mmlicher Bratensauce vermischen. (Dick) [&hellip;]<\/p>\n","protected":false},"author":1,"featured_media":1469,"parent":0,"menu_order":0,"comment_status":"closed","ping_status":"closed","template":"","meta":{"ngg_post_thumbnail":0,"footnotes":""},"class_list":["post-1468","page","type-page","status-publish","has-post-thumbnail","hentry"],"_links":{"self":[{"href":"https:\/\/spatzji.ch\/index.php?rest_route=\/wp\/v2\/pages\/1468","targetHints":{"allow":["GET"]}}],"collection":[{"href":"https:\/\/spatzji.ch\/index.php?rest_route=\/wp\/v2\/pages"}],"about":[{"href":"https:\/\/spatzji.ch\/index.php?rest_route=\/wp\/v2\/types\/page"}],"author":[{"embeddable":true,"href":"https:\/\/spatzji.ch\/index.php?rest_route=\/wp\/v2\/users\/1"}],"replies":[{"embeddable":true,"href":"https:\/\/spatzji.ch\/index.php?rest_route=%2Fwp%2Fv2%2Fcomments&post=1468"}],"version-history":[{"count":3,"href":"https:\/\/spatzji.ch\/index.php?rest_route=\/wp\/v2\/pages\/1468\/revisions"}],"predecessor-version":[{"id":1483,"href":"https:\/\/spatzji.ch\/index.php?rest_route=\/wp\/v2\/pages\/1468\/revisions\/1483"}],"wp:featuredmedia":[{"embeddable":true,"href":"https:\/\/spatzji.ch\/index.php?rest_route=\/wp\/v2\/media\/1469"}],"wp:attachment":[{"href":"https:\/\/spatzji.ch\/index.php?rest_route=%2Fwp%2Fv2%2Fmedia&parent=1468"}],"curies":[{"name":"wp","href":"https:\/\/api.w.org\/{rel}","templated":true}]}}